{"id":1235,"date":"2024-04-16T11:20:18","date_gmt":"2024-04-16T11:20:18","guid":{"rendered":"https:\/\/cuip.ualg.pt\/?page_id=1235"},"modified":"2024-06-20T10:47:39","modified_gmt":"2024-06-20T10:47:39","slug":"comissao-externa-conselho-consultivo-2","status":"publish","type":"page","link":"https:\/\/cuip.ualg.pt\/pt-pt\/comissao-externa-conselho-consultivo-2\/","title":{"rendered":"Pareceres da Comiss\u00e3o Externa 2024"},"content":{"rendered":"\t\t<div data-elementor-type=\"wp-post\" data-elementor-id=\"1235\" class=\"elementor elementor-1235 elementor-1234\" data-elementor-post-type=\"page\">\n\t\t\t\t<div class=\"elementor-element elementor-element-96fd7a1 e-flex e-con-boxed e-con e-parent\" data-id=\"96fd7a1\" data-element_type=\"container\">\n\t\t\t\t\t<div class=\"e-con-inner\">\n\t\t\t\t<div class=\"elementor-element elementor-element-4571e07 elementor-widget elementor-widget-heading\" data-id=\"4571e07\" data-element_type=\"widget\" data-widget_type=\"heading.default\">\n\t\t\t\t<div class=\"elementor-widget-container\">\n\t\t\t\t\t<h2 class=\"elementor-heading-title elementor-size-default\">Pareceres da Comiss\u00e3o Externa 2024<\/h2>\t\t\t\t<\/div>\n\t\t\t\t<\/div>\n\t\t\t\t\t<\/div>\n\t\t\t\t<\/div>\n\t\t<div class=\"elementor-element elementor-element-d3a3a9e e-flex e-con-boxed e-con e-parent\" data-id=\"d3a3a9e\" data-element_type=\"container\">\n\t\t\t\t\t<div class=\"e-con-inner\">\n\t\t<div class=\"elementor-element elementor-element-9ae6e43 e-con-full e-flex e-con e-child\" data-id=\"9ae6e43\" data-element_type=\"container\">\n\t\t\t\t<\/div>\n\t\t\t\t<div class=\"elementor-element elementor-element-d078543 elementor-widget elementor-widget-text-editor\" data-id=\"d078543\" data-element_type=\"widget\" data-widget_type=\"text-editor.default\">\n\t\t\t\t<div class=\"elementor-widget-container\">\n\t\t\t\t\t\t\t\t\t<p><a href=\"https:\/\/cuip.ualg.pt\/wp-content\/uploads\/2024\/04\/Report-Agata-Blachnio-Poland.pdf\" target=\"_blank\" rel=\"noopener\"><a href=\"https:\/\/cuip.ualg.pt\/wp-content\/uploads\/2024\/04\/Report-Agata-Blachnio-Poland.pdf\">Relat\u00f3rio Agata Blachnio, Pol\u00f3nia<\/a><\/a><\/p>\n<p><a href=\"https:\/\/cuip.ualg.pt\/wp-content\/uploads\/2024\/04\/Report-Alvin-Oon-Ng-Malaysia.pdf\" target=\"_blank\" rel=\"noopener\"><a href=\"https:\/\/cuip.ualg.pt\/wp-content\/uploads\/2024\/04\/Report-Alvin-Oon-Ng-Malaysia.pdf\">Relat\u00f3rio Alvin Oon Ng, Mal\u00e1sia<\/a><\/a><\/p>\n<p><a href=\"https:\/\/cuip.ualg.pt\/wp-content\/uploads\/2024\/04\/Report-Esther-Greenglass-Canada.pdf\" target=\"_blank\" rel=\"noopener\"><a href=\"https:\/\/cuip.ualg.pt\/wp-content\/uploads\/2024\/04\/Report-Esther-Greenglass-Canada.pdf\">Relat\u00f3rio Esther Greenglass, Canad\u00e1<\/a><\/a><\/p>\n<p><a href=\"https:\/\/cuip.ualg.pt\/wp-content\/uploads\/2024\/04\/Report-Falk-Huettig-Netherlands.pdf\" target=\"_blank\" rel=\"noopener\"><a href=\"https:\/\/cuip.ualg.pt\/wp-content\/uploads\/2024\/04\/Report-Falk-Huettig-Netherlands.pdf\">Relat\u00f3rio Falk Huettig, Pa\u00edses Baixos<\/a><\/a><\/p>\n<p><a href=\"https:\/\/cuip.ualg.pt\/wp-content\/uploads\/2024\/04\/Report-Gualberto-Buela-Casal-Spain.pdf\" target=\"_blank\" rel=\"noopener\"><a href=\"https:\/\/cuip.ualg.pt\/wp-content\/uploads\/2024\/04\/Report-Gualberto-Buela-Casal-Spain.pdf\">Relat\u00f3rio Gualberto Buela-Casal, Espanha<\/a><\/a><\/p>\n<p><a href=\"https:\/\/cuip.ualg.pt\/wp-content\/uploads\/2024\/04\/Report-James-Shepperd-USA.pdf\" target=\"_blank\" rel=\"noopener\"><a href=\"https:\/\/cuip.ualg.pt\/wp-content\/uploads\/2024\/04\/Report-James-Shepperd-USA.pdf\">Relat\u00f3rio James Shepperd, EUA<\/a><\/a><\/p>\n<p><a href=\"https:\/\/cuip.ualg.pt\/wp-content\/uploads\/2024\/04\/Report-Miguel-Farias-England.pdf\" target=\"_blank\" rel=\"noopener\"><a href=\"https:\/\/cuip.ualg.pt\/wp-content\/uploads\/2024\/04\/Report-Miguel-Farias-England.pdf\">Relat\u00f3rio Miguel Farias, Inglaterra<\/a><\/a><\/p>\n<p><a href=\"https:\/\/cuip.ualg.pt\/wp-content\/uploads\/2024\/04\/Report-Natasa-Jokic-Bejic-Croatia.pdf\" target=\"_blank\" rel=\"noopener\"><a href=\"https:\/\/cuip.ualg.pt\/wp-content\/uploads\/2024\/04\/Report-Natasa-Jokic-Bejic-Croatia.pdf\">Relat\u00f3rio Natasa Jokic-Bejic, Cro\u00e1cia<\/a><\/a><\/p>\n<p><a href=\"https:\/\/cuip.ualg.pt\/wp-content\/uploads\/2024\/04\/Report-Thomas-Iachmann-Germany.pdf\" target=\"_blank\" rel=\"noopener\"><a href=\"https:\/\/cuip.ualg.pt\/wp-content\/uploads\/2024\/04\/Report-Thomas-Iachmann-Germany.pdf\">Relat\u00f3rio Thomas Iachmann, Alemanha<\/a><\/a><\/p>\n\t\t\t\t\t\t\t\t<\/div>\n\t\t\t\t<\/div>\n\t\t\t\t\t<\/div>\n\t\t\t\t<\/div>\n\t\t\t\t<\/div>\n\t\t","protected":false},"excerpt":{"rendered":"<p>Pareceres da Comiss\u00e3o Externa 2024 Relat\u00f3rio Agata Blachnio, Pol\u00f3nia Relat\u00f3rio Alvin Oon Ng, Mal\u00e1sia Relat\u00f3rio Esther Greenglass, Canad\u00e1 Relat\u00f3rio Falk Huettig, Pa\u00edses Baixos Relat\u00f3rio Gualberto Buela-Casal, Espanha Relat\u00f3rio James Shepperd, EUA Relat\u00f3rio Miguel Farias, Inglaterra Relat\u00f3rio Natasa Jokic-Bejic, Cro\u00e1cia Relat\u00f3rio Thomas Iachmann, Alemanha<\/p>\n","protected":false},"author":2,"featured_media":0,"parent":0,"menu_order":1,"comment_status":"closed","ping_status":"closed","template":"","meta":{"_themeisle_gutenberg_block_has_review":false,"footnotes":""},"class_list":["post-1235","page","type-page","status-publish","hentry"],"_links":{"self":[{"href":"https:\/\/cuip.ualg.pt\/pt-pt\/wp-json\/wp\/v2\/pages\/1235","targetHints":{"allow":["GET"]}}],"collection":[{"href":"https:\/\/cuip.ualg.pt\/pt-pt\/wp-json\/wp\/v2\/pages"}],"about":[{"href":"https:\/\/cuip.ualg.pt\/pt-pt\/wp-json\/wp\/v2\/types\/page"}],"author":[{"embeddable":true,"href":"https:\/\/cuip.ualg.pt\/pt-pt\/wp-json\/wp\/v2\/users\/2"}],"replies":[{"embeddable":true,"href":"https:\/\/cuip.ualg.pt\/pt-pt\/wp-json\/wp\/v2\/comments?post=1235"}],"version-history":[{"count":3,"href":"https:\/\/cuip.ualg.pt\/pt-pt\/wp-json\/wp\/v2\/pages\/1235\/revisions"}],"predecessor-version":[{"id":1289,"href":"https:\/\/cuip.ualg.pt\/pt-pt\/wp-json\/wp\/v2\/pages\/1235\/revisions\/1289"}],"wp:attachment":[{"href":"https:\/\/cuip.ualg.pt\/pt-pt\/wp-json\/wp\/v2\/media?parent=1235"}],"curies":[{"name":"wp","href":"https:\/\/api.w.org\/{rel}","templated":true}]}}