{"id":770,"date":"2024-03-12T12:58:01","date_gmt":"2024-03-12T12:58:01","guid":{"rendered":"https:\/\/cuip.ualg.pt\/atas-das-reunioes-do-cuip\/"},"modified":"2025-12-19T12:13:02","modified_gmt":"2025-12-19T12:13:02","slug":"atas-das-reunioes-do-cuip","status":"publish","type":"page","link":"https:\/\/cuip.ualg.pt\/pt-pt\/atas-das-reunioes-do-cuip\/","title":{"rendered":"Atas das reuni\u00f5es do CUIP"},"content":{"rendered":"\t\t<div data-elementor-type=\"wp-post\" data-elementor-id=\"770\" class=\"elementor elementor-770 elementor-540\" data-elementor-post-type=\"page\">\n\t\t\t\t<div class=\"elementor-element elementor-element-96fd7a1 e-flex e-con-boxed e-con e-parent\" data-id=\"96fd7a1\" data-element_type=\"container\">\n\t\t\t\t\t<div class=\"e-con-inner\">\n\t\t\t\t<div class=\"elementor-element elementor-element-4571e07 elementor-widget elementor-widget-heading\" data-id=\"4571e07\" data-element_type=\"widget\" data-widget_type=\"heading.default\">\n\t\t\t\t<div class=\"elementor-widget-container\">\n\t\t\t\t\t<h2 class=\"elementor-heading-title elementor-size-default\">Atas das reuni\u00f5es do CUIP<\/h2>\t\t\t\t<\/div>\n\t\t\t\t<\/div>\n\t\t\t\t\t<\/div>\n\t\t\t\t<\/div>\n\t\t<div class=\"elementor-element elementor-element-d3a3a9e e-flex e-con-boxed e-con e-parent\" data-id=\"d3a3a9e\" data-element_type=\"container\">\n\t\t\t\t\t<div class=\"e-con-inner\">\n\t\t<div class=\"elementor-element elementor-element-9ae6e43 e-con-full e-flex e-con e-child\" data-id=\"9ae6e43\" data-element_type=\"container\">\n\t\t\t\t<\/div>\n\t\t\t\t<div class=\"elementor-element elementor-element-d078543 elementor-widget elementor-widget-text-editor\" data-id=\"d078543\" data-element_type=\"widget\" data-widget_type=\"text-editor.default\">\n\t\t\t\t<div class=\"elementor-widget-container\">\n\t\t\t\t\t\t\t\t\t<p>. <a href=\"https:\/\/cuip.ualg.pt\/wp-content\/uploads\/2024\/06\/ATA-CUIP-reunia%CC%83o-8-11-2023_signed_signed.pdf\" target=\"_blank\" rel=\"noopener\">Ata da reuni\u00e3o a 8-11-2023<\/a><\/p><p>. <a href=\"https:\/\/cuip.ualg.pt\/wp-content\/uploads\/2024\/06\/Ata-reunia%CC%83o-CUIP-22-11-2023-2_signed-1.pdf\" target=\"_blank\" rel=\"noopener\">Ata da reuni\u00e3o a 22-11-2023<\/a> [<a href=\"https:\/\/cuip.ualg.pt\/wp-content\/uploads\/2024\/06\/Lista-de-presenc%CC%A7as-na-reunia%CC%83o-22-11-2023.pdf\" target=\"_blank\" rel=\"noopener\">lista de presen\u00e7as<\/a>]<\/p><p>. <a href=\"https:\/\/cuip.ualg.pt\/wp-content\/uploads\/2024\/06\/Ata-reunia%CC%83o-12-01-2024_signed_signed-1.pdf\" target=\"_blank\" rel=\"noopener\">Ata da reuni\u00e3o a 12-01-2024<\/a> [<a href=\"https:\/\/cuip.ualg.pt\/wp-content\/uploads\/2024\/06\/Lista-de-presenc%CC%A7as-na-reunia%CC%83o-12-01-2024_signed-1.pdf\" target=\"_blank\" rel=\"noopener\">lista de presen\u00e7as<\/a>]<\/p><p>. <a href=\"https:\/\/cuip.ualg.pt\/wp-content\/uploads\/2024\/10\/Ata-reunia%CC%83o-6-03-2024_signed_signed.pdf\" target=\"_blank\" rel=\"noopener\">Ata da reuni\u00e3o a 6-03-2024<\/a> [<a href=\"https:\/\/cuip.ualg.pt\/wp-content\/uploads\/2024\/06\/Lista-de-presenc%CC%A7as-na-reunia%CC%83o-6-03-2024-1.pdf\" target=\"_blank\" rel=\"noopener\">lista de presen\u00e7as<\/a>]<\/p><p>. <a href=\"https:\/\/cuip.ualg.pt\/wp-content\/uploads\/2024\/10\/Ata-reunia%CC%83o-28-05-2024_signed_signed.pdf\" target=\"_blank\" rel=\"noopener\">Ata da reuni\u00e3o a 28-05-2024<\/a> [<a href=\"https:\/\/cuip.ualg.pt\/wp-content\/uploads\/2024\/06\/Lista-de-presenc%CC%A7as-na-reunia%CC%83o-28-05-2024-1.pdf\" target=\"_blank\" rel=\"noopener\">lista de presen\u00e7as<\/a>]<\/p><p>. <a href=\"https:\/\/cuip.ualg.pt\/wp-content\/uploads\/2024\/09\/Ata-reunia%CC%83o-16-09-2024_signed_signed.pdf\" target=\"_blank\" rel=\"noopener\">Ata da reuni\u00e3o a 16-09-2024<\/a> [<a href=\"https:\/\/cuip.ualg.pt\/wp-content\/uploads\/2024\/09\/Lista-de-presenc%CC%A7as-na-reunia%CC%83o-16-09-2024.pdf\" target=\"_blank\" rel=\"noopener\">lista de presen\u00e7as<\/a>]<\/p><p>. <a href=\"https:\/\/cuip.ualg.pt\/wp-content\/uploads\/2024\/10\/Ata-reunia%CC%83o-4-10-2024.pdf\" target=\"_blank\" rel=\"noopener\">Ata da reuni\u00e3o a 4-10-2024<\/a> [<a href=\"https:\/\/cuip.ualg.pt\/wp-content\/uploads\/2024\/10\/Lista-de-presenc%CC%A7as-na-reunia%CC%83o-4-10-2024.pdf\" target=\"_blank\" rel=\"noopener\">lista de presen\u00e7as]<\/a><\/p><p>. <a href=\"https:\/\/cuip.ualg.pt\/wp-content\/uploads\/2024\/11\/Ata-reunia%CC%83o-6-11-2024_signed_signed.pdf\" target=\"_blank\" rel=\"noopener\">Ata da reuni\u00e3o a 6-11-2024<\/a> [<a href=\"https:\/\/cuip.ualg.pt\/wp-content\/uploads\/2024\/11\/Lista-de-presenc%CC%A7as-na-reunia%CC%83o-6-11-2024.pdf\" target=\"_blank\" rel=\"noopener\">lista de presen\u00e7as<\/a>]<\/p><p>. <a href=\"https:\/\/cuip.ualg.pt\/wp-content\/uploads\/2025\/01\/9.-Ata-reunia%CC%83o-16-01-2025_signed_signed-1.pdf\" target=\"_blank\" rel=\"noopener\">Ata da reuni\u00e3o a 16-01-2025<\/a> [<a href=\"https:\/\/cuip.ualg.pt\/wp-content\/uploads\/2025\/01\/9.1.-Lista-de-presenc%CC%A7as-na-reunia%CC%83o-16-01-2025-1.pdf\" target=\"_blank\" rel=\"noopener\">lista de presen\u00e7as<\/a>]<\/p><p>. <a href=\"https:\/\/cuip.ualg.pt\/wp-content\/uploads\/2025\/04\/Ata-reunia%CC%83o-2-04-2025_signed_signed.pdf\" target=\"_blank\" rel=\"noopener\">Ata da reuni\u00e3o a 2-04-2025<\/a> [<a href=\"https:\/\/cuip.ualg.pt\/wp-content\/uploads\/2025\/04\/Lista-de-presenc%CC%A7as-na-reunia%CC%83o-02-04-2025.pdf\" target=\"_blank\" rel=\"noopener\">lista de presen\u00e7as<\/a>]<\/p><p>. <a href=\"https:\/\/cuip.ualg.pt\/wp-content\/uploads\/2025\/05\/Ata-reunia%CC%83o-5-05-2025_signed.pdf\" target=\"_blank\" rel=\"noopener\">Ata da reuni\u00e3o a 5-05-2025<\/a> [<a href=\"https:\/\/cuip.ualg.pt\/wp-content\/uploads\/2025\/05\/Lista-de-presenc%CC%A7as-na-reunia%CC%83o-05-05-2025.pdf\" target=\"_blank\" rel=\"noopener\">lista de presen\u00e7as<\/a>]<\/p><p>. <a href=\"https:\/\/cuip.ualg.pt\/wp-content\/uploads\/2025\/08\/Ata-reuniao-25-07-2025_signed_signed.pdf\" target=\"_blank\" rel=\"noopener\">Ata da reuni\u00e3o a 25-07-2025<\/a> [<a href=\"https:\/\/cuip.ualg.pt\/wp-content\/uploads\/2025\/08\/Lista-de-presencas-na-reuniao-25-07-2025.pdf\" target=\"_blank\" rel=\"noopener\">lista de presen\u00e7as<\/a>]<\/p><p>. <a href=\"https:\/\/cuip.ualg.pt\/wp-content\/uploads\/2025\/12\/Ata-reuniao-11-12-2025_signed_signed.pdf\" target=\"_blank\" rel=\"noopener\">Ata da reuni\u00e3o a 11-12-2025<\/a> [<a href=\"https:\/\/cuip.ualg.pt\/wp-content\/uploads\/2025\/12\/Lista-de-presencas-na-reuniao-11-12-2025_signed_signed.pdf\" target=\"_blank\" rel=\"noopener\">lista de presen\u00e7as<\/a>]<\/p>\t\t\t\t\t\t\t\t<\/div>\n\t\t\t\t<\/div>\n\t\t\t\t\t<\/div>\n\t\t\t\t<\/div>\n\t\t\t\t<\/div>\n\t\t","protected":false},"excerpt":{"rendered":"<p>Atas das reuni\u00f5es do CUIP . Ata da reuni\u00e3o a 8-11-2023 . Ata da reuni\u00e3o a 22-11-2023 [lista de presen\u00e7as] . Ata da reuni\u00e3o a 12-01-2024 [lista de presen\u00e7as] . Ata da reuni\u00e3o a 6-03-2024 [lista de presen\u00e7as] . Ata da reuni\u00e3o a 28-05-2024 [lista de presen\u00e7as] . Ata da reuni\u00e3o a 16-09-2024 [lista de<span class=\"post-excerpt-end\">&hellip;<\/span><\/p>\n<p class=\"more-link\"><a href=\"https:\/\/cuip.ualg.pt\/pt-pt\/atas-das-reunioes-do-cuip\/\" class=\"themebutton\">Read More<\/a><\/p>\n","protected":false},"author":2,"featured_media":0,"parent":0,"menu_order":1,"comment_status":"closed","ping_status":"closed","template":"","meta":{"_themeisle_gutenberg_block_has_review":false,"footnotes":""},"class_list":["post-770","page","type-page","status-publish","hentry"],"_links":{"self":[{"href":"https:\/\/cuip.ualg.pt\/pt-pt\/wp-json\/wp\/v2\/pages\/770","targetHints":{"allow":["GET"]}}],"collection":[{"href":"https:\/\/cuip.ualg.pt\/pt-pt\/wp-json\/wp\/v2\/pages"}],"about":[{"href":"https:\/\/cuip.ualg.pt\/pt-pt\/wp-json\/wp\/v2\/types\/page"}],"author":[{"embeddable":true,"href":"https:\/\/cuip.ualg.pt\/pt-pt\/wp-json\/wp\/v2\/users\/2"}],"replies":[{"embeddable":true,"href":"https:\/\/cuip.ualg.pt\/pt-pt\/wp-json\/wp\/v2\/comments?post=770"}],"version-history":[{"count":36,"href":"https:\/\/cuip.ualg.pt\/pt-pt\/wp-json\/wp\/v2\/pages\/770\/revisions"}],"predecessor-version":[{"id":3809,"href":"https:\/\/cuip.ualg.pt\/pt-pt\/wp-json\/wp\/v2\/pages\/770\/revisions\/3809"}],"wp:attachment":[{"href":"https:\/\/cuip.ualg.pt\/pt-pt\/wp-json\/wp\/v2\/media?parent=770"}],"curies":[{"name":"wp","href":"https:\/\/api.w.org\/{rel}","templated":true}]}}