{"id":773,"date":"2024-03-11T16:33:22","date_gmt":"2024-03-11T16:33:22","guid":{"rendered":"https:\/\/cuip.ualg.pt\/home\/"},"modified":"2025-10-10T17:26:20","modified_gmt":"2025-10-10T17:26:20","slug":"home","status":"publish","type":"page","link":"https:\/\/cuip.ualg.pt\/pt-pt\/","title":{"rendered":"Home"},"content":{"rendered":"\t\t<div data-elementor-type=\"wp-page\" data-elementor-id=\"773\" class=\"elementor elementor-773 elementor-367\" data-elementor-post-type=\"page\">\n\t\t\t\t<div class=\"elementor-element elementor-element-6cc652d e-con-full e-flex e-con e-parent\" data-id=\"6cc652d\" data-element_type=\"container\" data-settings=\"{&quot;background_background&quot;:&quot;classic&quot;}\">\n\t\t\t\t<div class=\"elementor-element elementor-element-3f64474 elementor-widget__width-inherit elementor-arrows-position-outside elementor-widget elementor-widget-image-carousel\" data-id=\"3f64474\" data-element_type=\"widget\" data-settings=\"{&quot;slides_to_show&quot;:&quot;1&quot;,&quot;navigation&quot;:&quot;arrows&quot;,&quot;autoplay_speed&quot;:3000,&quot;autoplay&quot;:&quot;yes&quot;,&quot;pause_on_hover&quot;:&quot;yes&quot;,&quot;pause_on_interaction&quot;:&quot;yes&quot;,&quot;infinite&quot;:&quot;yes&quot;,&quot;effect&quot;:&quot;slide&quot;,&quot;speed&quot;:500}\" data-widget_type=\"image-carousel.default\">\n\t\t\t\t<div class=\"elementor-widget-container\">\n\t\t\t\t\t\t\t<div class=\"elementor-image-carousel-wrapper swiper\" role=\"region\" aria-roledescription=\"carousel\" aria-label=\"Image Carousel\" dir=\"ltr\">\n\t\t\t<div class=\"elementor-image-carousel swiper-wrapper\" aria-live=\"off\">\n\t\t\t\t\t\t\t\t<div class=\"swiper-slide\" role=\"group\" aria-roledescription=\"slide\" aria-label=\"1 of 4\"><figure class=\"swiper-slide-inner\"><img decoding=\"async\" class=\"swiper-slide-image\" src=\"https:\/\/cuip.ualg.pt\/wp-content\/uploads\/2024\/03\/SLIDER_UMA-1024x192.jpg\" alt=\"Capa Blog - 1\" \/><\/figure><\/div><div class=\"swiper-slide\" role=\"group\" aria-roledescription=\"slide\" aria-label=\"2 of 4\"><figure class=\"swiper-slide-inner\"><img decoding=\"async\" class=\"swiper-slide-image\" src=\"https:\/\/cuip.ualg.pt\/wp-content\/uploads\/2024\/03\/SLIDER_UAlg-1024x192.jpg\" alt=\"Capa Blog - 1\" \/><\/figure><\/div><div class=\"swiper-slide\" role=\"group\" aria-roledescription=\"slide\" aria-label=\"3 of 4\"><figure class=\"swiper-slide-inner\"><img decoding=\"async\" class=\"swiper-slide-image\" src=\"https:\/\/cuip.ualg.pt\/wp-content\/uploads\/2024\/03\/SLIDER_UAL-1024x192.jpg\" alt=\"Capa Blog - 1\" \/><\/figure><\/div><div class=\"swiper-slide\" role=\"group\" aria-roledescription=\"slide\" aria-label=\"4 of 4\"><figure class=\"swiper-slide-inner\"><img decoding=\"async\" class=\"swiper-slide-image\" src=\"https:\/\/cuip.ualg.pt\/wp-content\/uploads\/2024\/03\/SLIDER_UAc-1024x192.jpg\" alt=\"Capa Blog - 1\" \/><\/figure><\/div>\t\t\t<\/div>\n\t\t\t\t\t\t\t\t\t\t\t\t<div class=\"elementor-swiper-button elementor-swiper-button-prev\" role=\"button\" tabindex=\"0\">\n\t\t\t\t\t\t<svg aria-hidden=\"true\" class=\"e-font-icon-svg e-eicon-chevron-left\" viewBox=\"0 0 1000 1000\" xmlns=\"http:\/\/www.w3.org\/2000\/svg\"><path d=\"M646 125C629 125 613 133 604 142L308 442C296 454 292 471 292 487 292 504 296 521 308 533L604 854C617 867 629 875 646 875 663 875 679 871 692 858 704 846 713 829 713 812 713 796 708 779 692 767L438 487 692 225C700 217 708 204 708 187 708 171 704 154 692 142 675 129 663 125 646 125Z\"><\/path><\/svg>\t\t\t\t\t<\/div>\n\t\t\t\t\t<div class=\"elementor-swiper-button elementor-swiper-button-next\" role=\"button\" tabindex=\"0\">\n\t\t\t\t\t\t<svg aria-hidden=\"true\" class=\"e-font-icon-svg e-eicon-chevron-right\" viewBox=\"0 0 1000 1000\" xmlns=\"http:\/\/www.w3.org\/2000\/svg\"><path d=\"M696 533C708 521 713 504 713 487 713 471 708 454 696 446L400 146C388 133 375 125 354 125 338 125 325 129 313 142 300 154 292 171 292 187 292 204 296 221 308 233L563 492 304 771C292 783 288 800 288 817 288 833 296 850 308 863 321 871 338 875 354 875 371 875 388 867 400 854L696 533Z\"><\/path><\/svg>\t\t\t\t\t<\/div>\n\t\t\t\t\n\t\t\t\t\t\t\t\t\t<\/div>\n\t\t\t\t\t\t<\/div>\n\t\t\t\t<\/div>\n\t\t\t\t<\/div>\n\t\t<div class=\"elementor-element elementor-element-54a70ca e-flex e-con-boxed e-con e-parent\" data-id=\"54a70ca\" data-element_type=\"container\">\n\t\t\t\t\t<div class=\"e-con-inner\">\n\t\t<div class=\"elementor-element elementor-element-145ba9e e-con-full e-flex e-con e-child\" data-id=\"145ba9e\" data-element_type=\"container\">\n\t\t\t\t<div class=\"elementor-element elementor-element-5e7bf06 elementor-widget elementor-widget-image\" data-id=\"5e7bf06\" data-element_type=\"widget\" data-widget_type=\"image.default\">\n\t\t\t\t<div class=\"elementor-widget-container\">\n\t\t\t\t\t\t\t\t\t\t\t\t\t\t\t<img decoding=\"async\" src=\"https:\/\/cuip.ualg.pt\/wp-content\/uploads\/elementor\/thumbs\/cuip_1-qkynmzbxzexlulc2s29jzsjzfdbuz5tkii63wj8es4.png\" title=\"cuip_1\" alt=\"cuip_1\" loading=\"lazy\" \/>\t\t\t\t\t\t\t\t\t\t\t\t\t\t\t<\/div>\n\t\t\t\t<\/div>\n\t\t\t\t<div class=\"elementor-element elementor-element-977c64a elementor-widget elementor-widget-text-editor\" data-id=\"977c64a\" data-element_type=\"widget\" data-widget_type=\"text-editor.default\">\n\t\t\t\t<div class=\"elementor-widget-container\">\n\t\t\t\t\t\t\t\t\t<p>O CUIP integra uma equipa de investigadores, em Psicologia B\u00e1sica e em Psicologia Aplicada, de quatro prestigiadas universidades portuguesas: Universidade do Algarve, Universidade dos A\u00e7ores, Universidade da Madeira e Universidade Aut\u00f3noma de Lisboa.<\/p>\n<p>Anteriormente, estes investigadores j\u00e1 colaboravam, mas estavam dispersos como membros integrados de outras Unidades de ID, a maioria das quais classificadas com \u201cMuito Bom\u201d ou \u201cExcelente\u201d pela FCT. Foram selecionados para o CUIP com base em exigentes crit\u00e9rios de produtividade cient\u00edfica. <\/p>\n<p>Pretende-se que o CUIP aproveite a experi\u00eancia dos seus investigadores e as boas pr\u00e1ticas utilizadas nesses Centros. Tamb\u00e9m se pretende que o CUIP permita o desenvolvimento de investiga\u00e7\u00f5es conjuntas de elevada qualidade e suporte a forma\u00e7\u00e3o avan\u00e7ada em Psicologia nas quatro universidades. Al\u00e9m disso, pretende-se atrair mais bolseiros de doutoramento e investigadores de p\u00f3s-doutoramento, estimular o emprego cient\u00edfico, bem como aumentar o financiamento internacional e a publica\u00e7\u00e3o em revistas internacionais.  <\/p>\n<p>A internacionaliza\u00e7\u00e3o \u00e9 um dos principais objetivos do CUIP, aproveitando a organiza\u00e7\u00e3o de congressos internacionais, a participa\u00e7\u00e3o em projetos de investiga\u00e7\u00e3o internacionais, a experi\u00eancia de investiga\u00e7\u00e3o dos consultores externos de diferentes pa\u00edses e a integra\u00e7\u00e3o dos membros do CUIP em redes e sociedades internacionais no \u00e2mbito da Psicologia.<\/p>\n\t\t\t\t\t\t\t\t<\/div>\n\t\t\t\t<\/div>\n\t\t\t\t<\/div>\n\t\t<div class=\"elementor-element elementor-element-5ec6626 e-con-full e-flex e-con e-child\" data-id=\"5ec6626\" data-element_type=\"container\">\n\t\t<div class=\"elementor-element elementor-element-91aa0f4 e-con-full e-flex e-con e-child\" data-id=\"91aa0f4\" data-element_type=\"container\">\n\t\t\t\t<div class=\"elementor-element elementor-element-6926aa7 elementor-widget elementor-widget-text-editor\" data-id=\"6926aa7\" data-element_type=\"widget\" data-widget_type=\"text-editor.default\">\n\t\t\t\t<div class=\"elementor-widget-container\">\n\t\t\t\t\t\t\t\t\t<h4 style=\"text-align: center;\">4 universidades em busca da excel\u00eancia na investiga\u00e7\u00e3o em Psicologia<\/h4>\n\t\t\t\t\t\t\t\t<\/div>\n\t\t\t\t<\/div>\n\t\t\t\t<div class=\"elementor-element elementor-element-b56d289 elementor-widget elementor-widget-image\" data-id=\"b56d289\" data-element_type=\"widget\" data-widget_type=\"image.default\">\n\t\t\t\t<div class=\"elementor-widget-container\">\n\t\t\t\t\t\t\t\t\t\t\t\t\t\t\t\t<a href=\"#elementor-action%3Aaction%3Dpopup%3Aopen%26settings%3DeyJpZCI6Mjc2MCwidG9nZ2xlIjpmYWxzZX0%3D\">\n\t\t\t\t\t\t\t<img fetchpriority=\"high\" decoding=\"async\" width=\"768\" height=\"1039\" src=\"https:\/\/cuip.ualg.pt\/wp-content\/uploads\/2024\/07\/MapaPortugal_HOME1-768x1039.jpg\" class=\"attachment-medium_large size-medium_large wp-image-2698\" alt=\"\" srcset=\"https:\/\/cuip.ualg.pt\/wp-content\/uploads\/2024\/07\/MapaPortugal_HOME1-768x1039.jpg 768w, https:\/\/cuip.ualg.pt\/wp-content\/uploads\/2024\/07\/MapaPortugal_HOME1-222x300.jpg 222w, https:\/\/cuip.ualg.pt\/wp-content\/uploads\/2024\/07\/MapaPortugal_HOME1-757x1024.jpg 757w, https:\/\/cuip.ualg.pt\/wp-content\/uploads\/2024\/07\/MapaPortugal_HOME1-1135x1536.jpg 1135w, https:\/\/cuip.ualg.pt\/wp-content\/uploads\/2024\/07\/MapaPortugal_HOME1.jpg 1341w\" sizes=\"(max-width: 768px) 100vw, 768px\" \/>\t\t\t\t\t\t\t\t<\/a>\n\t\t\t\t\t\t\t\t\t\t\t\t\t\t\t<\/div>\n\t\t\t\t<\/div>\n\t\t\t\t<\/div>\n\t\t<div class=\"elementor-element elementor-element-58668aa e-con-full e-flex e-con e-child\" data-id=\"58668aa\" data-element_type=\"container\">\n\t\t\t\t<div class=\"elementor-element elementor-element-c861978 elementor-widget elementor-widget-text-editor\" data-id=\"c861978\" data-element_type=\"widget\" data-widget_type=\"text-editor.default\">\n\t\t\t\t<div class=\"elementor-widget-container\">\n\t\t\t\t\t\t\t\t\t<h4 style=\"text-align: center;\">Consultores externos <br \/>de 9 pa\u00edses<\/h4>\n\t\t\t\t\t\t\t\t<\/div>\n\t\t\t\t<\/div>\n\t\t\t\t<div class=\"elementor-element elementor-element-75e11ce elementor-widget elementor-widget-image\" data-id=\"75e11ce\" data-element_type=\"widget\" data-widget_type=\"image.default\">\n\t\t\t\t<div class=\"elementor-widget-container\">\n\t\t\t\t\t\t\t\t\t\t\t\t\t\t\t\t<a href=\"https:\/\/cuip.ualg.pt\/pt-pt\/comissao-externa-conselho-consultivo\/\" target=\"_blank\">\n\t\t\t\t\t\t\t<img decoding=\"async\" width=\"768\" height=\"564\" src=\"https:\/\/cuip.ualg.pt\/wp-content\/uploads\/2024\/07\/Mapa_Mundo2-768x564.png\" class=\"attachment-medium_large size-medium_large wp-image-2594\" alt=\"\" srcset=\"https:\/\/cuip.ualg.pt\/wp-content\/uploads\/2024\/07\/Mapa_Mundo2-768x564.png 768w, https:\/\/cuip.ualg.pt\/wp-content\/uploads\/2024\/07\/Mapa_Mundo2-300x220.png 300w, https:\/\/cuip.ualg.pt\/wp-content\/uploads\/2024\/07\/Mapa_Mundo2-1024x752.png 1024w, https:\/\/cuip.ualg.pt\/wp-content\/uploads\/2024\/07\/Mapa_Mundo2-1536x1128.png 1536w, https:\/\/cuip.ualg.pt\/wp-content\/uploads\/2024\/07\/Mapa_Mundo2.png 1672w\" sizes=\"(max-width: 768px) 100vw, 768px\" \/>\t\t\t\t\t\t\t\t<\/a>\n\t\t\t\t\t\t\t\t\t\t\t\t\t\t\t<\/div>\n\t\t\t\t<\/div>\n\t\t\t\t<\/div>\n\t\t<div class=\"elementor-element elementor-element-58f3c97 e-con-full e-flex e-con e-child\" data-id=\"58f3c97\" data-element_type=\"container\">\n\t\t\t\t<div class=\"elementor-element elementor-element-d2dd965 elementor-widget elementor-widget-video\" data-id=\"d2dd965\" data-element_type=\"widget\" data-settings=\"{&quot;youtube_url&quot;:&quot;https:\\\/\\\/youtu.be\\\/bm3bfB5U-bw&quot;,&quot;video_type&quot;:&quot;youtube&quot;,&quot;controls&quot;:&quot;yes&quot;}\" data-widget_type=\"video.default\">\n\t\t\t\t<div class=\"elementor-widget-container\">\n\t\t\t\t\t\t\t<div class=\"elementor-wrapper elementor-open-inline\">\n\t\t\t<div class=\"elementor-video\"><\/div>\t\t<\/div>\n\t\t\t\t\t\t<\/div>\n\t\t\t\t<\/div>\n\t\t\t\t<\/div>\n\t\t\t\t<\/div>\n\t\t<div class=\"elementor-element elementor-element-838213b e-con-full e-flex e-con e-child\" data-id=\"838213b\" data-element_type=\"container\" data-settings=\"{&quot;background_background&quot;:&quot;classic&quot;}\">\n\t\t\t\t<div class=\"elementor-element elementor-element-0f6eb91 elementor-grid-1 elementor-grid-tablet-2 elementor-grid-mobile-1 elementor-posts--thumbnail-top elementor-widget elementor-widget-posts\" data-id=\"0f6eb91\" data-element_type=\"widget\" data-settings=\"{&quot;classic_columns&quot;:&quot;1&quot;,&quot;classic_columns_tablet&quot;:&quot;2&quot;,&quot;classic_columns_mobile&quot;:&quot;1&quot;,&quot;classic_row_gap&quot;:{&quot;unit&quot;:&quot;px&quot;,&quot;size&quot;:35,&quot;sizes&quot;:[]},&quot;classic_row_gap_tablet&quot;:{&quot;unit&quot;:&quot;px&quot;,&quot;size&quot;:&quot;&quot;,&quot;sizes&quot;:[]},&quot;classic_row_gap_mobile&quot;:{&quot;unit&quot;:&quot;px&quot;,&quot;size&quot;:&quot;&quot;,&quot;sizes&quot;:[]}}\" data-widget_type=\"posts.classic\">\n\t\t\t\t<div class=\"elementor-widget-container\">\n\t\t\t\t\t\t\t<div class=\"elementor-posts-container elementor-posts elementor-posts--skin-classic elementor-grid\">\n\t\t\t\t<article class=\"elementor-post elementor-grid-item post-3489 post type-post status-publish format-standard has-post-thumbnail hentry category-noticias\">\n\t\t\t\t<a class=\"elementor-post__thumbnail__link\" href=\"https:\/\/cuip.ualg.pt\/pt-pt\/2025\/10\/04\/projeto-de-promocao-de-competencias-pre-leitoras-desenvolvido-por-investigadores-do-cuip-reconhecido-a-nivel-nacional\/\" tabindex=\"-1\" target=&quot;_blank&quot;>\n\t\t\t<div class=\"elementor-post__thumbnail\"><img decoding=\"async\" width=\"768\" height=\"576\" src=\"https:\/\/cuip.ualg.pt\/wp-content\/uploads\/2025\/10\/Imagem_Destaque_BIPD_10_2025_PT-768x576.jpg\" class=\"attachment-medium_large size-medium_large wp-image-3657\" alt=\"\" srcset=\"https:\/\/cuip.ualg.pt\/wp-content\/uploads\/2025\/10\/Imagem_Destaque_BIPD_10_2025_PT-768x576.jpg 768w, https:\/\/cuip.ualg.pt\/wp-content\/uploads\/2025\/10\/Imagem_Destaque_BIPD_10_2025_PT-300x225.jpg 300w, https:\/\/cuip.ualg.pt\/wp-content\/uploads\/2025\/10\/Imagem_Destaque_BIPD_10_2025_PT.jpg 1024w\" sizes=\"(max-width: 768px) 100vw, 768px\" \/><\/div>\n\t\t<\/a>\n\t\t\t\t<div class=\"elementor-post__text\">\n\t\t\t\t<h3 class=\"elementor-post__title\">\n\t\t\t<a href=\"https:\/\/cuip.ualg.pt\/pt-pt\/2025\/10\/04\/projeto-de-promocao-de-competencias-pre-leitoras-desenvolvido-por-investigadores-do-cuip-reconhecido-a-nivel-nacional\/\" target=&quot;_blank&quot;>\n\t\t\t\tBolsa de Investiga\u00e7\u00e3o P\u00f3s-Doutoral (BIPD) \u2013 Concurso Internacional Aberto\t\t\t<\/a>\n\t\t<\/h3>\n\t\t\n\t\t<a class=\"elementor-post__read-more\" href=\"https:\/\/cuip.ualg.pt\/pt-pt\/2025\/10\/04\/projeto-de-promocao-de-competencias-pre-leitoras-desenvolvido-por-investigadores-do-cuip-reconhecido-a-nivel-nacional\/\" aria-label=\"Read more about Bolsa de Investiga\u00e7\u00e3o P\u00f3s-Doutoral (BIPD) \u2013 Concurso Internacional Aberto\" tabindex=\"-1\" target=\"_blank\">\n\t\t\tLer mais \u00bb\t\t<\/a>\n\n\t\t\t\t<\/div>\n\t\t\t\t<\/article>\n\t\t\t\t<article class=\"elementor-post elementor-grid-item post-3285 post type-post status-publish format-standard has-post-thumbnail hentry\">\n\t\t\t\t<a class=\"elementor-post__thumbnail__link\" href=\"https:\/\/cuip.ualg.pt\/pt-pt\/2025\/01\/29\/cuip-organiza-na-madeira-congresso-europeu-sobre-relacoes-familiares-2\/\" tabindex=\"-1\" target=&quot;_blank&quot;>\n\t\t\t<div class=\"elementor-post__thumbnail\"><img loading=\"lazy\" decoding=\"async\" width=\"768\" height=\"576\" src=\"https:\/\/cuip.ualg.pt\/wp-content\/uploads\/2025\/01\/DESTAQUE_LaboratorioSTEAM-768x576.jpg\" class=\"attachment-medium_large size-medium_large wp-image-3235\" alt=\"\" srcset=\"https:\/\/cuip.ualg.pt\/wp-content\/uploads\/2025\/01\/DESTAQUE_LaboratorioSTEAM-768x576.jpg 768w, https:\/\/cuip.ualg.pt\/wp-content\/uploads\/2025\/01\/DESTAQUE_LaboratorioSTEAM-300x225.jpg 300w, https:\/\/cuip.ualg.pt\/wp-content\/uploads\/2025\/01\/DESTAQUE_LaboratorioSTEAM.jpg 1024w\" sizes=\"(max-width: 768px) 100vw, 768px\" \/><\/div>\n\t\t<\/a>\n\t\t\t\t<div class=\"elementor-post__text\">\n\t\t\t\t<h3 class=\"elementor-post__title\">\n\t\t\t<a href=\"https:\/\/cuip.ualg.pt\/pt-pt\/2025\/01\/29\/cuip-organiza-na-madeira-congresso-europeu-sobre-relacoes-familiares-2\/\" target=&quot;_blank&quot;>\n\t\t\t\tGrupo de investiga\u00e7\u00e3o do CUIP cria Laborat\u00f3rio de Recursos de Interven\u00e7\u00e3o em Carreiras STEM\t\t\t<\/a>\n\t\t<\/h3>\n\t\t\n\t\t<a class=\"elementor-post__read-more\" href=\"https:\/\/cuip.ualg.pt\/pt-pt\/2025\/01\/29\/cuip-organiza-na-madeira-congresso-europeu-sobre-relacoes-familiares-2\/\" aria-label=\"Read more about Grupo de investiga\u00e7\u00e3o do CUIP cria Laborat\u00f3rio de Recursos de Interven\u00e7\u00e3o em Carreiras STEM\" tabindex=\"-1\" target=\"_blank\">\n\t\t\tLer mais \u00bb\t\t<\/a>\n\n\t\t\t\t<\/div>\n\t\t\t\t<\/article>\n\t\t\t\t<article class=\"elementor-post elementor-grid-item post-3405 post type-post status-publish format-standard has-post-thumbnail hentry\">\n\t\t\t\t<a class=\"elementor-post__thumbnail__link\" href=\"https:\/\/cuip.ualg.pt\/pt-pt\/2025\/05\/08\/grupo-de-investigacao-do-cuip-cria-laboratorio-de-recursos-de-intervencao-em-carreiras-stem-2\/\" tabindex=\"-1\" target=&quot;_blank&quot;>\n\t\t\t<div class=\"elementor-post__thumbnail\"><img loading=\"lazy\" decoding=\"async\" width=\"768\" height=\"576\" src=\"https:\/\/cuip.ualg.pt\/wp-content\/uploads\/2025\/05\/DESTAQUE_MemorandoFCTTenure-768x576.jpg\" class=\"attachment-medium_large size-medium_large wp-image-3393\" alt=\"\" srcset=\"https:\/\/cuip.ualg.pt\/wp-content\/uploads\/2025\/05\/DESTAQUE_MemorandoFCTTenure-768x576.jpg 768w, https:\/\/cuip.ualg.pt\/wp-content\/uploads\/2025\/05\/DESTAQUE_MemorandoFCTTenure-300x225.jpg 300w, https:\/\/cuip.ualg.pt\/wp-content\/uploads\/2025\/05\/DESTAQUE_MemorandoFCTTenure.jpg 1024w\" sizes=\"(max-width: 768px) 100vw, 768px\" \/><\/div>\n\t\t<\/a>\n\t\t\t\t<div class=\"elementor-post__text\">\n\t\t\t\t<h3 class=\"elementor-post__title\">\n\t\t\t<a href=\"https:\/\/cuip.ualg.pt\/pt-pt\/2025\/05\/08\/grupo-de-investigacao-do-cuip-cria-laboratorio-de-recursos-de-intervencao-em-carreiras-stem-2\/\" target=&quot;_blank&quot;>\n\t\t\t\tCUIP assina Memorando para financiamento de investigador \u201cFCT-Tenure\u201d\t\t\t<\/a>\n\t\t<\/h3>\n\t\t\n\t\t<a class=\"elementor-post__read-more\" href=\"https:\/\/cuip.ualg.pt\/pt-pt\/2025\/05\/08\/grupo-de-investigacao-do-cuip-cria-laboratorio-de-recursos-de-intervencao-em-carreiras-stem-2\/\" aria-label=\"Read more about CUIP assina Memorando para financiamento de investigador \u201cFCT-Tenure\u201d\" tabindex=\"-1\" target=\"_blank\">\n\t\t\tLer mais \u00bb\t\t<\/a>\n\n\t\t\t\t<\/div>\n\t\t\t\t<\/article>\n\t\t\t\t<\/div>\n\t\t\n\t\t\t\t\t\t<\/div>\n\t\t\t\t<\/div>\n\t\t\t\t<\/div>\n\t\t\t\t\t<\/div>\n\t\t\t\t<\/div>\n\t\t\t\t<\/div>\n\t\t","protected":false},"excerpt":{"rendered":"<p>O CUIP integra uma equipa de investigadores, em Psicologia B\u00e1sica e em Psicologia Aplicada, de quatro prestigiadas universidades portuguesas: Universidade do Algarve, Universidade dos A\u00e7ores, Universidade da Madeira e Universidade Aut\u00f3noma de Lisboa. Anteriormente, estes investigadores j\u00e1 colaboravam, mas estavam dispersos como membros integrados de outras Unidades de ID, a maioria das quais classificadas com \u201cMuito Bom\u201d ou \u201cExcelente\u201d pela FCT. Foram selecionados para o CUIP com base em exigentes crit\u00e9rios de produtividade cient\u00edfica. Pretende-se que o CUIP aproveite a experi\u00eancia dos seus investigadores e as boas pr\u00e1ticas utilizadas nesses Centros. Tamb\u00e9m se pretende que o CUIP permita o desenvolvimento de investiga\u00e7\u00f5es conjuntas de elevada qualidade e suporte a forma\u00e7\u00e3o avan\u00e7ada em Psicologia nas quatro universidades. Al\u00e9m disso, pretende-se atrair mais bolseiros de doutoramento e investigadores de p\u00f3s-doutoramento, estimular o emprego cient\u00edfico, bem como aumentar o financiamento internacional e a publica\u00e7\u00e3o em revistas internacionais. A internacionaliza\u00e7\u00e3o \u00e9 um dos principais objetivos do CUIP, aproveitando a organiza\u00e7\u00e3o de congressos internacionais, a participa\u00e7\u00e3o em projetos de investiga\u00e7\u00e3o internacionais, a experi\u00eancia de investiga\u00e7\u00e3o dos consultores externos de diferentes pa\u00edses e a integra\u00e7\u00e3o dos membros do CUIP em redes e sociedades internacionais no \u00e2mbito da Psicologia. 4 universidades em busca da excel\u00eancia na investiga\u00e7\u00e3o em Psicologia Consultores externos de 9 pa\u00edses<\/p>\n","protected":false},"author":2,"featured_media":0,"parent":0,"menu_order":0,"comment_status":"closed","ping_status":"closed","template":"","meta":{"_themeisle_gutenberg_block_has_review":false,"footnotes":""},"class_list":["post-773","page","type-page","status-publish","hentry"],"_links":{"self":[{"href":"https:\/\/cuip.ualg.pt\/pt-pt\/wp-json\/wp\/v2\/pages\/773","targetHints":{"allow":["GET"]}}],"collection":[{"href":"https:\/\/cuip.ualg.pt\/pt-pt\/wp-json\/wp\/v2\/pages"}],"about":[{"href":"https:\/\/cuip.ualg.pt\/pt-pt\/wp-json\/wp\/v2\/types\/page"}],"author":[{"embeddable":true,"href":"https:\/\/cuip.ualg.pt\/pt-pt\/wp-json\/wp\/v2\/users\/2"}],"replies":[{"embeddable":true,"href":"https:\/\/cuip.ualg.pt\/pt-pt\/wp-json\/wp\/v2\/comments?post=773"}],"version-history":[{"count":67,"href":"https:\/\/cuip.ualg.pt\/pt-pt\/wp-json\/wp\/v2\/pages\/773\/revisions"}],"predecessor-version":[{"id":3729,"href":"https:\/\/cuip.ualg.pt\/pt-pt\/wp-json\/wp\/v2\/pages\/773\/revisions\/3729"}],"wp:attachment":[{"href":"https:\/\/cuip.ualg.pt\/pt-pt\/wp-json\/wp\/v2\/media?parent=773"}],"curies":[{"name":"wp","href":"https:\/\/api.w.org\/{rel}","templated":true}]}}