{"id":779,"date":"2024-03-11T18:28:12","date_gmt":"2024-03-11T18:28:12","guid":{"rendered":"https:\/\/cuip.ualg.pt\/formacao-avancada\/"},"modified":"2024-03-15T18:24:08","modified_gmt":"2024-03-15T18:24:08","slug":"formacao-avancada","status":"publish","type":"page","link":"https:\/\/cuip.ualg.pt\/pt-pt\/formacao-avancada\/","title":{"rendered":"Forma\u00e7\u00e3o avan\u00e7ada"},"content":{"rendered":"\t\t<div data-elementor-type=\"wp-post\" data-elementor-id=\"779\" class=\"elementor elementor-779 elementor-456\" data-elementor-post-type=\"page\">\n\t\t\t\t<div class=\"elementor-element elementor-element-96fd7a1 e-flex e-con-boxed e-con e-parent\" data-id=\"96fd7a1\" data-element_type=\"container\">\n\t\t\t\t\t<div class=\"e-con-inner\">\n\t\t\t\t<div class=\"elementor-element elementor-element-4571e07 elementor-widget elementor-widget-heading\" data-id=\"4571e07\" data-element_type=\"widget\" data-widget_type=\"heading.default\">\n\t\t\t\t<div class=\"elementor-widget-container\">\n\t\t\t\t\t<h2 class=\"elementor-heading-title elementor-size-default\">Forma\u00e7\u00e3o Avan\u00e7ada<\/h2>\t\t\t\t<\/div>\n\t\t\t\t<\/div>\n\t\t\t\t\t<\/div>\n\t\t\t\t<\/div>\n\t\t<div class=\"elementor-element elementor-element-d3a3a9e e-flex e-con-boxed e-con e-parent\" data-id=\"d3a3a9e\" data-element_type=\"container\">\n\t\t\t\t\t<div class=\"e-con-inner\">\n\t\t<div class=\"elementor-element elementor-element-9ae6e43 e-con-full e-flex e-con e-child\" data-id=\"9ae6e43\" data-element_type=\"container\">\n\t\t\t\t<\/div>\n\t\t\t\t<div class=\"elementor-element elementor-element-d078543 elementor-widget elementor-widget-text-editor\" data-id=\"d078543\" data-element_type=\"widget\" data-widget_type=\"text-editor.default\">\n\t\t\t\t<div class=\"elementor-widget-container\">\n\t\t\t\t\t\t\t\t\t<p>Texto&#8230;<\/p>\n\t\t\t\t\t\t\t\t<\/div>\n\t\t\t\t<\/div>\n\t\t\t\t\t<\/div>\n\t\t\t\t<\/div>\n\t\t\t\t<\/div>\n\t\t","protected":false},"excerpt":{"rendered":"<p>Forma\u00e7\u00e3o Avan\u00e7ada Texto&#8230;<\/p>\n","protected":false},"author":2,"featured_media":0,"parent":0,"menu_order":1,"comment_status":"closed","ping_status":"closed","template":"","meta":{"_themeisle_gutenberg_block_has_review":false,"footnotes":""},"class_list":["post-779","page","type-page","status-publish","hentry"],"_links":{"self":[{"href":"https:\/\/cuip.ualg.pt\/pt-pt\/wp-json\/wp\/v2\/pages\/779","targetHints":{"allow":["GET"]}}],"collection":[{"href":"https:\/\/cuip.ualg.pt\/pt-pt\/wp-json\/wp\/v2\/pages"}],"about":[{"href":"https:\/\/cuip.ualg.pt\/pt-pt\/wp-json\/wp\/v2\/types\/page"}],"author":[{"embeddable":true,"href":"https:\/\/cuip.ualg.pt\/pt-pt\/wp-json\/wp\/v2\/users\/2"}],"replies":[{"embeddable":true,"href":"https:\/\/cuip.ualg.pt\/pt-pt\/wp-json\/wp\/v2\/comments?post=779"}],"version-history":[{"count":1,"href":"https:\/\/cuip.ualg.pt\/pt-pt\/wp-json\/wp\/v2\/pages\/779\/revisions"}],"predecessor-version":[{"id":781,"href":"https:\/\/cuip.ualg.pt\/pt-pt\/wp-json\/wp\/v2\/pages\/779\/revisions\/781"}],"wp:attachment":[{"href":"https:\/\/cuip.ualg.pt\/pt-pt\/wp-json\/wp\/v2\/media?parent=779"}],"curies":[{"name":"wp","href":"https:\/\/api.w.org\/{rel}","templated":true}]}}