{"id":809,"date":"2024-03-10T19:44:48","date_gmt":"2024-03-10T19:44:48","guid":{"rendered":"https:\/\/cuip.ualg.pt\/comissao-coordenadora\/"},"modified":"2024-07-15T21:56:32","modified_gmt":"2024-07-15T21:56:32","slug":"comissao-coordenadora","status":"publish","type":"page","link":"https:\/\/cuip.ualg.pt\/pt-pt\/comissao-coordenadora\/","title":{"rendered":"Comiss\u00e3o Coordenadora"},"content":{"rendered":"\t\t<div data-elementor-type=\"wp-post\" data-elementor-id=\"809\" class=\"elementor elementor-809 elementor-192\" data-elementor-post-type=\"page\">\n\t\t\t\t<div class=\"elementor-element elementor-element-96fd7a1 e-flex e-con-boxed e-con e-parent\" data-id=\"96fd7a1\" data-element_type=\"container\">\n\t\t\t\t\t<div class=\"e-con-inner\">\n\t\t\t\t<div class=\"elementor-element elementor-element-4571e07 elementor-widget elementor-widget-heading\" data-id=\"4571e07\" data-element_type=\"widget\" data-widget_type=\"heading.default\">\n\t\t\t\t<div class=\"elementor-widget-container\">\n\t\t\t\t\t<h2 class=\"elementor-heading-title elementor-size-default\">Comiss\u00e3o Coordenadora<\/h2>\t\t\t\t<\/div>\n\t\t\t\t<\/div>\n\t\t\t\t\t<\/div>\n\t\t\t\t<\/div>\n\t\t<div class=\"elementor-element elementor-element-d3a3a9e e-flex e-con-boxed e-con e-parent\" data-id=\"d3a3a9e\" data-element_type=\"container\">\n\t\t\t\t\t<div class=\"e-con-inner\">\n\t\t<div class=\"elementor-element elementor-element-9ae6e43 e-con-full e-flex e-con e-child\" data-id=\"9ae6e43\" data-element_type=\"container\">\n\t\t\t\t<\/div>\n\t\t\t\t<div class=\"elementor-element elementor-element-d078543 elementor-widget elementor-widget-text-editor\" data-id=\"d078543\" data-element_type=\"widget\" data-widget_type=\"text-editor.default\">\n\t\t\t\t<div class=\"elementor-widget-container\">\n\t\t\t\t\t\t\t\t\t<p>Considerando que o CUIP incorpora duas linhas de investiga\u00e7\u00e3o e envolve tr\u00eas universidades portuguesas, para al\u00e9m da UAlg, a Comiss\u00e3o Coordenadora \u00e9 composta por seis membros: o Coordenador do CUIP (Sa\u00fal de Jesus), a Coordenadora do grupo de investiga\u00e7\u00e3o em Psicologia B\u00e1sica (Alexandra Reis), a Coordenadora do grupo de investiga\u00e7\u00e3o em Psicologia Aplicada (Cristina Nunes), uma representante da UAL (Rute Brites), uma representante da UMa (Margarida Pocinho) e uma representante da UAc (Catarina Mendon\u00e7a).<br \/>Para uma maior coordena\u00e7\u00e3o entre as quatro universidades e as duas linhas de investiga\u00e7\u00e3o, a Comiss\u00e3o Coordenadora inclui tamb\u00e9m Jo\u00e3o Hip\u00f3lito (UAL), Dora Pereira (UMa) e Teresa Medeiros (UAc) nesta fase inicial de funcionamento do CUIP. Consequentemente, cada universidade \u00e9 representada por um membro da Psicologia B\u00e1sica e outro da Psicologia Aplicada.<br \/>Destaca-se ainda o facto de que na Comiss\u00e3o Coordenadora do CUIP temos os professores mais graduados de Psicologia das respetivas universidades. Os tr\u00eas Catedr\u00e1ticos em Psicologia da UAlg est\u00e3o no CUIP, tal como a \u00fanica Catedr\u00e1tica da Universidade dos A\u00e7ores e os dois \u00fanicos Catedr\u00e1ticos da Universidade Aut\u00f3noma de Lisboa. A Universidade da Madeira ainda n\u00e3o tem Catedr\u00e1tico em Psicologia, mas no CUIP est\u00e1 a \u00fanica colega com Associada com Agrega\u00e7\u00e3o em Psicologia desta Universidade.<br \/>Assim, de entre os nove membros da Comiss\u00e3o Coordenadora, seis det\u00eam o t\u00edtulo de Professor Catedr\u00e1tico, a posi\u00e7\u00e3o mais elevada na carreira acad\u00e9mica, o que significa a sua posi\u00e7\u00e3o de destaque no meio acad\u00e9mico e o seu papel influente no campo da Psicologia em Portugal.<br \/>E nas suas pr\u00f3prias universidades.<\/p>\t\t\t\t\t\t\t\t<\/div>\n\t\t\t\t<\/div>\n\t\t\t\t\t<\/div>\n\t\t\t\t<\/div>\n\t\t<div class=\"elementor-element elementor-element-751f5fd e-flex e-con-boxed e-con e-parent\" data-id=\"751f5fd\" data-element_type=\"container\">\n\t\t\t\t\t<div class=\"e-con-inner\">\n\t\t<div class=\"elementor-element elementor-element-62840c3 e-con-full e-flex e-con e-child\" data-id=\"62840c3\" data-element_type=\"container\">\n\t\t\t\t<\/div>\n\t\t<div class=\"elementor-element elementor-element-e59e355 e-con-full e-flex e-con e-child\" data-id=\"e59e355\" data-element_type=\"container\">\n\t\t\t\t<div class=\"elementor-element elementor-element-ed5d6a0 elementor-widget__width-initial elementor-widget elementor-widget-image\" data-id=\"ed5d6a0\" data-element_type=\"widget\" data-widget_type=\"image.default\">\n\t\t\t\t<div class=\"elementor-widget-container\">\n\t\t\t\t\t\t\t\t\t\t\t\t\t\t\t<img fetchpriority=\"high\" decoding=\"async\" width=\"1020\" height=\"933\" src=\"https:\/\/cuip.ualg.pt\/wp-content\/uploads\/2024\/07\/CoordBoard_PT-1.jpg\" class=\"attachment-large size-large wp-image-2273\" alt=\"\" srcset=\"https:\/\/cuip.ualg.pt\/wp-content\/uploads\/2024\/07\/CoordBoard_PT-1.jpg 1020w, https:\/\/cuip.ualg.pt\/wp-content\/uploads\/2024\/07\/CoordBoard_PT-1-300x274.jpg 300w, https:\/\/cuip.ualg.pt\/wp-content\/uploads\/2024\/07\/CoordBoard_PT-1-768x702.jpg 768w\" sizes=\"(max-width: 1020px) 100vw, 1020px\" \/>\t\t\t\t\t\t\t\t\t\t\t\t\t\t\t<\/div>\n\t\t\t\t<\/div>\n\t\t\t\t<\/div>\n\t\t\t\t\t<\/div>\n\t\t\t\t<\/div>\n\t\t\t\t<\/div>\n\t\t","protected":false},"excerpt":{"rendered":"<p>Comiss\u00e3o Coordenadora Considerando que o CUIP incorpora duas linhas de investiga\u00e7\u00e3o e envolve tr\u00eas universidades portuguesas, para al\u00e9m da UAlg, a Comiss\u00e3o Coordenadora \u00e9 composta por seis membros: o Coordenador do CUIP (Sa\u00fal de Jesus), a Coordenadora do grupo de investiga\u00e7\u00e3o em Psicologia B\u00e1sica (Alexandra Reis), a Coordenadora do grupo de investiga\u00e7\u00e3o em Psicologia Aplicada<span class=\"post-excerpt-end\">&hellip;<\/span><\/p>\n<p class=\"more-link\"><a href=\"https:\/\/cuip.ualg.pt\/pt-pt\/comissao-coordenadora\/\" class=\"themebutton\">Read More<\/a><\/p>\n","protected":false},"author":2,"featured_media":0,"parent":0,"menu_order":1,"comment_status":"closed","ping_status":"closed","template":"","meta":{"_themeisle_gutenberg_block_has_review":false,"footnotes":""},"class_list":["post-809","page","type-page","status-publish","hentry"],"_links":{"self":[{"href":"https:\/\/cuip.ualg.pt\/pt-pt\/wp-json\/wp\/v2\/pages\/809","targetHints":{"allow":["GET"]}}],"collection":[{"href":"https:\/\/cuip.ualg.pt\/pt-pt\/wp-json\/wp\/v2\/pages"}],"about":[{"href":"https:\/\/cuip.ualg.pt\/pt-pt\/wp-json\/wp\/v2\/types\/page"}],"author":[{"embeddable":true,"href":"https:\/\/cuip.ualg.pt\/pt-pt\/wp-json\/wp\/v2\/users\/2"}],"replies":[{"embeddable":true,"href":"https:\/\/cuip.ualg.pt\/pt-pt\/wp-json\/wp\/v2\/comments?post=809"}],"version-history":[{"count":28,"href":"https:\/\/cuip.ualg.pt\/pt-pt\/wp-json\/wp\/v2\/pages\/809\/revisions"}],"predecessor-version":[{"id":2280,"href":"https:\/\/cuip.ualg.pt\/pt-pt\/wp-json\/wp\/v2\/pages\/809\/revisions\/2280"}],"wp:attachment":[{"href":"https:\/\/cuip.ualg.pt\/pt-pt\/wp-json\/wp\/v2\/media?parent=809"}],"curies":[{"name":"wp","href":"https:\/\/api.w.org\/{rel}","templated":true}]}}