{"id":812,"date":"2024-03-10T19:40:18","date_gmt":"2024-03-10T19:40:18","guid":{"rendered":"https:\/\/cuip.ualg.pt\/etica\/"},"modified":"2024-06-26T14:21:01","modified_gmt":"2024-06-26T14:21:01","slug":"etica","status":"publish","type":"page","link":"https:\/\/cuip.ualg.pt\/pt-pt\/etica\/","title":{"rendered":"Declara\u00e7\u00e3o de \u00c9tica do CUIP"},"content":{"rendered":"\t\t<div data-elementor-type=\"wp-post\" data-elementor-id=\"812\" class=\"elementor elementor-812 elementor-156\" data-elementor-post-type=\"page\">\n\t\t\t\t<div class=\"elementor-element elementor-element-96fd7a1 e-flex e-con-boxed e-con e-parent\" data-id=\"96fd7a1\" data-element_type=\"container\">\n\t\t\t\t\t<div class=\"e-con-inner\">\n\t\t\t\t<div class=\"elementor-element elementor-element-4571e07 elementor-widget elementor-widget-heading\" data-id=\"4571e07\" data-element_type=\"widget\" data-widget_type=\"heading.default\">\n\t\t\t\t<div class=\"elementor-widget-container\">\n\t\t\t\t\t<h2 class=\"elementor-heading-title elementor-size-default\">Declara\u00e7\u00e3o de \u00c9tica do CUIP<\/h2>\t\t\t\t<\/div>\n\t\t\t\t<\/div>\n\t\t\t\t\t<\/div>\n\t\t\t\t<\/div>\n\t\t<div class=\"elementor-element elementor-element-d3a3a9e e-flex e-con-boxed e-con e-parent\" data-id=\"d3a3a9e\" data-element_type=\"container\">\n\t\t\t\t\t<div class=\"e-con-inner\">\n\t\t<div class=\"elementor-element elementor-element-9ae6e43 e-con-full e-flex e-con e-child\" data-id=\"9ae6e43\" data-element_type=\"container\">\n\t\t\t\t<\/div>\n\t\t\t\t<div class=\"elementor-element elementor-element-d078543 elementor-widget elementor-widget-text-editor\" data-id=\"d078543\" data-element_type=\"widget\" data-widget_type=\"text-editor.default\">\n\t\t\t\t<div class=\"elementor-widget-container\">\n\t\t\t\t\t\t\t\t\t<p>As quest\u00f5es \u00e9ticas s\u00e3o cruciais no CUIP. Consideramos que deve ser garantido que toda a recolha e tratamento de dados \u00e9 realizada de acordo com a Declara\u00e7\u00e3o de Hels\u00ednquia, o Guia de Autoavalia\u00e7\u00e3o \u00c9tica da FCT e o C\u00f3digo de \u00c9tica da Ordem dos Psic\u00f3logos Portugueses (OPP).<\/p><p>O CUIP tamb\u00e9m segue as diretrizes \u00e9ticas das organiza\u00e7\u00f5es profissionais, como as fornecidas pela Federa\u00e7\u00e3o Europeia de Associa\u00e7\u00f5es de Psic\u00f3logos (EFPA), para orientar as suas pr\u00e1ticas de investiga\u00e7\u00e3o.<\/p><p>Estas preocupa\u00e7\u00f5es \u00e9ticas, como a privacidade e a prote\u00e7\u00e3o de dados, est\u00e3o presentes num documento sobre os princ\u00edpios \u00e9ticos do CUIP, aprovado pela comiss\u00e3o cient\u00edfica do CUIP.<\/p><p>\u00a0<\/p><p>. <a href=\"https:\/\/cuip.ualg.pt\/wp-content\/uploads\/2024\/06\/Declarac\u0327a\u0303o-E\u0301tica-CUIP-1.pdf\" target=\"_blank\" rel=\"noopener\">Declara\u00e7\u00e3o de \u00c9tica do CUIP<\/a><\/p>\t\t\t\t\t\t\t\t<\/div>\n\t\t\t\t<\/div>\n\t\t\t\t\t<\/div>\n\t\t\t\t<\/div>\n\t\t\t\t<\/div>\n\t\t","protected":false},"excerpt":{"rendered":"<p>Declara\u00e7\u00e3o de \u00c9tica do CUIP As quest\u00f5es \u00e9ticas s\u00e3o cruciais no CUIP. Consideramos que deve ser garantido que toda a recolha e tratamento de dados \u00e9 realizada de acordo com a Declara\u00e7\u00e3o de Hels\u00ednquia, o Guia de Autoavalia\u00e7\u00e3o \u00c9tica da FCT e o C\u00f3digo de \u00c9tica da Ordem dos Psic\u00f3logos Portugueses (OPP). O CUIP tamb\u00e9m<span class=\"post-excerpt-end\">&hellip;<\/span><\/p>\n<p class=\"more-link\"><a href=\"https:\/\/cuip.ualg.pt\/pt-pt\/etica\/\" class=\"themebutton\">Read More<\/a><\/p>\n","protected":false},"author":2,"featured_media":0,"parent":0,"menu_order":1,"comment_status":"closed","ping_status":"closed","template":"","meta":{"_themeisle_gutenberg_block_has_review":false,"footnotes":""},"class_list":["post-812","page","type-page","status-publish","hentry"],"_links":{"self":[{"href":"https:\/\/cuip.ualg.pt\/pt-pt\/wp-json\/wp\/v2\/pages\/812","targetHints":{"allow":["GET"]}}],"collection":[{"href":"https:\/\/cuip.ualg.pt\/pt-pt\/wp-json\/wp\/v2\/pages"}],"about":[{"href":"https:\/\/cuip.ualg.pt\/pt-pt\/wp-json\/wp\/v2\/types\/page"}],"author":[{"embeddable":true,"href":"https:\/\/cuip.ualg.pt\/pt-pt\/wp-json\/wp\/v2\/users\/2"}],"replies":[{"embeddable":true,"href":"https:\/\/cuip.ualg.pt\/pt-pt\/wp-json\/wp\/v2\/comments?post=812"}],"version-history":[{"count":8,"href":"https:\/\/cuip.ualg.pt\/pt-pt\/wp-json\/wp\/v2\/pages\/812\/revisions"}],"predecessor-version":[{"id":1491,"href":"https:\/\/cuip.ualg.pt\/pt-pt\/wp-json\/wp\/v2\/pages\/812\/revisions\/1491"}],"wp:attachment":[{"href":"https:\/\/cuip.ualg.pt\/pt-pt\/wp-json\/wp\/v2\/media?parent=812"}],"curies":[{"name":"wp","href":"https:\/\/api.w.org\/{rel}","templated":true}]}}