{"id":824,"date":"2024-03-10T19:40:58","date_gmt":"2024-03-10T19:40:58","guid":{"rendered":"https:\/\/cuip.ualg.pt\/instalacoes\/"},"modified":"2024-07-04T19:11:01","modified_gmt":"2024-07-04T19:11:01","slug":"instalacoes","status":"publish","type":"page","link":"https:\/\/cuip.ualg.pt\/pt-pt\/instalacoes\/","title":{"rendered":"Instala\u00e7\u00f5es e equipamentos"},"content":{"rendered":"\t\t<div data-elementor-type=\"wp-post\" data-elementor-id=\"824\" class=\"elementor elementor-824 elementor-162\" data-elementor-post-type=\"page\">\n\t\t\t\t<div class=\"elementor-element elementor-element-96fd7a1 e-flex e-con-boxed e-con e-parent\" data-id=\"96fd7a1\" data-element_type=\"container\">\n\t\t\t\t\t<div class=\"e-con-inner\">\n\t\t\t\t<div class=\"elementor-element elementor-element-4571e07 elementor-widget elementor-widget-heading\" data-id=\"4571e07\" data-element_type=\"widget\" data-widget_type=\"heading.default\">\n\t\t\t\t<div class=\"elementor-widget-container\">\n\t\t\t\t\t<h2 class=\"elementor-heading-title elementor-size-default\">Instala\u00e7\u00f5es e equipamentos <\/h2>\t\t\t\t<\/div>\n\t\t\t\t<\/div>\n\t\t\t\t\t<\/div>\n\t\t\t\t<\/div>\n\t\t<div class=\"elementor-element elementor-element-d3a3a9e e-flex e-con-boxed e-con e-parent\" data-id=\"d3a3a9e\" data-element_type=\"container\">\n\t\t\t\t\t<div class=\"e-con-inner\">\n\t\t<div class=\"elementor-element elementor-element-9ae6e43 e-con-full e-flex e-con e-child\" data-id=\"9ae6e43\" data-element_type=\"container\">\n\t\t\t\t<\/div>\n\t\t\t\t<div class=\"elementor-element elementor-element-d078543 elementor-widget elementor-widget-text-editor\" data-id=\"d078543\" data-element_type=\"widget\" data-widget_type=\"text-editor.default\">\n\t\t\t\t<div class=\"elementor-widget-container\">\n\t\t\t\t\t\t\t\t\t<p>As quatro universidades que integram o CUIP possuem infraestruturas, laborat\u00f3rios e recursos bem equipados na \u00e1rea da Psicologia.<\/p><p>Isto inclui materiais bibliogr\u00e1ficos especializados, acesso a bases de dados atrav\u00e9s de suas respectivas bibliotecas (por exemplo, SCOPUS, MEDLINE com Texto Completo, APA PsycInfo, APA PsycArticles, Cole\u00e7\u00e3o de Psicologia e Ci\u00eancias Comportamentais, Pesquisa Acad\u00eamica Completa, CINAHL Plus com Texto Completo, REDALYC), bem como software de processamento e an\u00e1lise de dados (por exemplo, SPSS, AMOS, MAXQDA, QSRnVIVO, MATLAB, Alceste) e uma plataforma para constru\u00e7\u00e3o e administra\u00e7\u00e3o de question\u00e1rios (LimeSurvey).<\/p><p>Os investigadores do CUIP beneficiam de acesso a todos estes recursos.<\/p><p>Al\u00e9m disso, estas universidades normalmente mant\u00eam &#8220;Testotecas&#8221; contendo uma extensa gama de testes psicol\u00f3gicos, particularmente aqueles para avalia\u00e7\u00e3o cognitiva (por exemplo, Stroop, TeLPI, WMS-III, WAIS, WISC e MPR). Esses recursos est\u00e3o dispon\u00edveis para os investigadores usarem nos seus trabalhos.<\/p><p>Estas universidades tamb\u00e9m possuem &#8220;Servi\u00e7os de Psicologia&#8221; bem equipados (por exemplo, com salas de espelho unidirecionais), que prestam servi\u00e7os \u00e0 comunidade em todas as \u00e1reas da Psicologia, permitindo que os investigadores se envolvam com diversas popula\u00e7\u00f5es para seus estudos.<\/p><p>O CUIP tamb\u00e9m disp\u00f5e de espa\u00e7os nas instala\u00e7\u00f5es das v\u00e1rias universidades para os investigadores e os estudantes de doutoramento e p\u00f3s-doutoramento desenvolverem as suas atividades de investiga\u00e7\u00e3o.<\/p><p>Todas as universidades que integram o CUIP possuem laborat\u00f3rios equipados para a investiga\u00e7\u00e3o em Psicologia B\u00e1sica.<\/p><p>Especificamente, na Universidade do Algarve, existe acesso a um sistema de medi\u00e7\u00e3o Biosemi EEG com 32, 64 e 128 canais individuais, equipamento para registo de respostas som\u00e1ticas (e.g., Galvanic Skin Response e pletism\u00f3grafo), e um sistema SMI Eye-Tracking. Este laborat\u00f3rio tamb\u00e9m est\u00e1 equipado com software e hardware para apresenta\u00e7\u00e3o de est\u00edmulos (por exemplo, Presentation e E-prime; caixas de resposta Cedrus).<\/p><p>A Universidade da Madeira disponibiliza \u00f3culos de realidade virtual (empreendimento imersivo) e uma capa de el\u00e9ctrodo para registar sinais de EEG.<\/p><p>A Universidade Aut\u00f3noma de Lisboa oferece equipamentos de biossinais (hub de grava\u00e7\u00e3o de EEG, EMG e ECG), incluindo Mindwave Mobile 2 (Neurosky) e EMOTIV: Brain Data Measuring Hardware and software.<\/p><p>A Universidade dos A\u00e7ores disp\u00f5e de uma sala insonorizada equipada com software de apresenta\u00e7\u00e3o de est\u00edmulos e recolha de respostas, sincronizado com equipamentos de medi\u00e7\u00e3o de respostas galv\u00e2nicas e batimentos card\u00edacos.<\/p><p><strong>. <a href=\"https:\/\/cuip.ualg.pt\/wp-content\/uploads\/2024\/06\/Instalac\u0327o\u0303es-CUIP-na-UAlg.pdf\" target=\"_blank\" rel=\"noopener\">Espa\u00e7os e Equipamentos do CUIP na UAlg<\/a><\/strong><\/p><p><strong>. <a href=\"https:\/\/cuip.ualg.pt\/wp-content\/uploads\/2024\/06\/Instalac\u0327o\u0303es-CUIP-na-UAL.pdf\" target=\"_blank\" rel=\"noopener\">Espa\u00e7os e Equipamentos do CUIP na UAL<\/a><\/strong><\/p><p><strong>. <a href=\"https:\/\/cuip.ualg.pt\/wp-content\/uploads\/2024\/07\/Instalac\u0327o\u0303es-CUIP-na-UAc.pdf\" target=\"_blank\" rel=\"noopener\">Espa\u00e7os e Equipamentos do CUIP na UAc<\/a><\/strong><\/p><p><strong>. <a href=\"https:\/\/cuip.ualg.pt\/wp-content\/uploads\/2024\/07\/Instalac\u0327o\u0303es-CUIP-na-UMA.pdf\" target=\"_blank\" rel=\"noopener\">Espa\u00e7os e Equipamentos do CUIP na UMa<\/a><\/strong><\/p>\t\t\t\t\t\t\t\t<\/div>\n\t\t\t\t<\/div>\n\t\t\t\t\t<\/div>\n\t\t\t\t<\/div>\n\t\t\t\t<\/div>\n\t\t","protected":false},"excerpt":{"rendered":"<p>Instala\u00e7\u00f5es e equipamentos As quatro universidades que integram o CUIP possuem infraestruturas, laborat\u00f3rios e recursos bem equipados na \u00e1rea da Psicologia. Isto inclui materiais bibliogr\u00e1ficos especializados, acesso a bases de dados atrav\u00e9s de suas respectivas bibliotecas (por exemplo, SCOPUS, MEDLINE com Texto Completo, APA PsycInfo, APA PsycArticles, Cole\u00e7\u00e3o de Psicologia e Ci\u00eancias Comportamentais, Pesquisa Acad\u00eamica<span class=\"post-excerpt-end\">&hellip;<\/span><\/p>\n<p class=\"more-link\"><a href=\"https:\/\/cuip.ualg.pt\/pt-pt\/instalacoes\/\" class=\"themebutton\">Read More<\/a><\/p>\n","protected":false},"author":2,"featured_media":0,"parent":0,"menu_order":1,"comment_status":"closed","ping_status":"closed","template":"","meta":{"_themeisle_gutenberg_block_has_review":false,"footnotes":""},"class_list":["post-824","page","type-page","status-publish","hentry"],"_links":{"self":[{"href":"https:\/\/cuip.ualg.pt\/pt-pt\/wp-json\/wp\/v2\/pages\/824","targetHints":{"allow":["GET"]}}],"collection":[{"href":"https:\/\/cuip.ualg.pt\/pt-pt\/wp-json\/wp\/v2\/pages"}],"about":[{"href":"https:\/\/cuip.ualg.pt\/pt-pt\/wp-json\/wp\/v2\/types\/page"}],"author":[{"embeddable":true,"href":"https:\/\/cuip.ualg.pt\/pt-pt\/wp-json\/wp\/v2\/users\/2"}],"replies":[{"embeddable":true,"href":"https:\/\/cuip.ualg.pt\/pt-pt\/wp-json\/wp\/v2\/comments?post=824"}],"version-history":[{"count":12,"href":"https:\/\/cuip.ualg.pt\/pt-pt\/wp-json\/wp\/v2\/pages\/824\/revisions"}],"predecessor-version":[{"id":1681,"href":"https:\/\/cuip.ualg.pt\/pt-pt\/wp-json\/wp\/v2\/pages\/824\/revisions\/1681"}],"wp:attachment":[{"href":"https:\/\/cuip.ualg.pt\/pt-pt\/wp-json\/wp\/v2\/media?parent=824"}],"curies":[{"name":"wp","href":"https:\/\/api.w.org\/{rel}","templated":true}]}}