{"id":827,"date":"2024-03-09T22:26:20","date_gmt":"2024-03-09T22:26:20","guid":{"rendered":"https:\/\/cuip.ualg.pt\/historia-e-missao\/"},"modified":"2024-06-25T10:49:13","modified_gmt":"2024-06-25T10:49:13","slug":"historia-e-missao","status":"publish","type":"page","link":"https:\/\/cuip.ualg.pt\/pt-pt\/historia-e-missao\/","title":{"rendered":"Hist\u00f3ria e Miss\u00e3o"},"content":{"rendered":"\t\t<div data-elementor-type=\"wp-post\" data-elementor-id=\"827\" class=\"elementor elementor-827 elementor-31\" data-elementor-post-type=\"page\">\n\t\t\t\t<div class=\"elementor-element elementor-element-96fd7a1 e-flex e-con-boxed e-con e-parent\" data-id=\"96fd7a1\" data-element_type=\"container\">\n\t\t\t\t\t<div class=\"e-con-inner\">\n\t\t\t\t<div class=\"elementor-element elementor-element-4571e07 elementor-widget elementor-widget-heading\" data-id=\"4571e07\" data-element_type=\"widget\" data-widget_type=\"heading.default\">\n\t\t\t\t<div class=\"elementor-widget-container\">\n\t\t\t\t\t<h2 class=\"elementor-heading-title elementor-size-default\">Hist\u00f3ria e Miss\u00e3o <\/h2>\t\t\t\t<\/div>\n\t\t\t\t<\/div>\n\t\t\t\t\t<\/div>\n\t\t\t\t<\/div>\n\t\t<div class=\"elementor-element elementor-element-d3a3a9e e-flex e-con-boxed e-con e-parent\" data-id=\"d3a3a9e\" data-element_type=\"container\">\n\t\t\t\t\t<div class=\"e-con-inner\">\n\t\t<div class=\"elementor-element elementor-element-9ae6e43 e-con-full e-flex e-con e-child\" data-id=\"9ae6e43\" data-element_type=\"container\">\n\t\t\t\t<\/div>\n\t\t\t\t<div class=\"elementor-element elementor-element-d078543 elementor-widget elementor-widget-text-editor\" data-id=\"d078543\" data-element_type=\"widget\" data-widget_type=\"text-editor.default\">\n\t\t\t\t<div class=\"elementor-widget-container\">\n\t\t\t\t\t\t\t\t\t<p>O Centro Universit\u00e1rio de Investiga\u00e7\u00e3o em Psicologia (CUIP) foi criado em 2001 e come\u00e7ou como Centro de Estudos e Desenvolvimento da Universidade do Algarve (UAlg), com o objetivo de permitir o desenvolvimento de atividades de investiga\u00e7\u00e3o entre docentes e investigadores desta universidade, na \u00e1rea da Psicologia.<\/p>\n<p>No entanto, embora colaborassem entre si, estes investigadores encontravam-se dispersos em Unidades de I&amp;D mais espec\u00edficas, sediadas em diversas universidades portuguesas, a maioria das quais classificadas com \u201cMuito Bom\u201d ou \u201cExcelente\u201d pela FCT (Funda\u00e7\u00e3o para a Ci\u00eancia e Tecnologia).<\/p>\n<p>Em 2023, com a abertura do concurso FCT para financiamento de Unidades de I&amp;D, e tendo em conta a maturidade cient\u00edfica dos investigadores da UAlg, foi tomada a decis\u00e3o de se juntarem no CUIP, ficando o CUIP registado como Centro de Investiga\u00e7\u00e3o na FCT.<\/p>\n<p>Al\u00e9m dos professores\/investigadores da UAlg, o CUIP incluiu tamb\u00e9m professores\/investigadores de outras tr\u00eas prestigiadas universidades portuguesas: a Universidade dos A\u00e7ores (UAc), a Universidade da Madeira (UMA) e a Universidade Aut\u00f3noma de Lisboa (UAL). O CUIP est\u00e1 sediado na UAlg, tendo as outras tr\u00eas universidades P\u00f3los de Investiga\u00e7\u00e3o do CUIP. <\/p>\n<p>Com o objetivo de se tornar uma Unidade de I&amp;D de alta qualidade, foram estabelecidos crit\u00e9rios m\u00ednimos para aceita\u00e7\u00e3o como membro integrado. Esses crit\u00e9rios incluem publica\u00e7\u00f5es em revistas indexadas, experi\u00eancia na coordena\u00e7\u00e3o de projetos de investiga\u00e7\u00e3o e orienta\u00e7\u00e3o de doutoramentos conclu\u00eddos com sucesso. <\/p>\n<p>Ao candidatar-se \u00e0 avalia\u00e7\u00e3o e financiamento pela FCT, o CUIP \u00e9 constitu\u00eddo por 44 membros integrados especializados em Psicologia B\u00e1sica (BP) e Psicologia Aplicada (AP), das quatro universidades que comp\u00f5em o CUIP.<\/p>\n<p>Alguns destes membros j\u00e1 realizavam alguma investiga\u00e7\u00e3o em conjunto, mas a integra\u00e7\u00e3o de todos no CUIP permitir\u00e1 uma maior colabora\u00e7\u00e3o e o desenvolvimento de investiga\u00e7\u00e3o conjunta em \u00e1reas que s\u00e3o inovadoras em Portugal, como seja a Psicologia Aplicada ao Turismo.<\/p>\n<p>O CUIP pretende capitalizar as melhores pr\u00e1ticas utilizadas pelos Centros de Investiga\u00e7\u00e3o em que os seus membros estiveram anteriormente integrados, promovendo o desenvolvimento de um ambiente de investiga\u00e7\u00e3o excecional em Psicologia nas quatro universidades e estabelecendo um ecossistema de investiga\u00e7\u00e3o colaborativa caracterizado pela excel\u00eancia e inova\u00e7\u00e3o. No geral, aproveitar os pontos fortes e as melhores pr\u00e1ticas permite que o CUIP construa uma base s\u00f3lida e se estabele\u00e7a como uma Unidade de I&amp;D proeminente neste campo. <\/p>\n<p>Al\u00e9m disso, a investiga\u00e7\u00e3o conduzida pela equipa do CUIP, n\u00e3o s\u00f3 enriquece os programas avan\u00e7ados de Psicologia existentes, mas tamb\u00e9m abre caminho para a cria\u00e7\u00e3o de iniciativas de forma\u00e7\u00e3o inovadoras, incluindo novos programas de mestrado e doutoramento.<\/p>\n<p>Esta abordagem colaborativa n\u00e3o s\u00f3 melhora a qualidade e o impacto da investiga\u00e7\u00e3o, mas tamb\u00e9m promove o desenvolvimento profissional da equipa. Al\u00e9m disso, o CUIP pode atrair estudantes de alto n\u00edvel (investigadores de doutoramento e p\u00f3s-doutoramento), estimular o emprego cient\u00edfico, aumentar o financiamento internacional e nacional e publicar a n\u00edvel internacional, enriquecendo ainda mais a comunidade cient\u00edfica e contribuindo para o avan\u00e7o da Psicologia B\u00e1sica e Aplicada. <\/p>\n<p>O grupo BP conduz ativamente pesquisas em neuroci\u00eancia cognitiva e computacional, com foco no processamento da linguagem, desenvolvimento da leitura e escrita, aprendizagem, mem\u00f3ria e plasticidade no c\u00e9rebro humano. Reconhecido internacionalmente, o grupo BP possui s\u00f3lida experi\u00eancia cient\u00edfica em neuroimagem cognitiva (fMRI\/PET, EEG\/MEG), psicologia experimental (comportamento, rastreamento ocular, TMS) e neuroci\u00eancia computacional. Colaborando extensivamente com prestigiados centros de investiga\u00e7\u00e3o nacionais e internacionais, como o Donders Institute for Brain, Cognition, and Behavior, e o Max Planck Institute for Psycholinguistics, o grupo BP contribui significativamente para iniciativas de investiga\u00e7\u00e3o de ponta.  <\/p>\n<p>O grupo AP concentra-se na identifica\u00e7\u00e3o de fatores de preven\u00e7\u00e3o e promo\u00e7\u00e3o da sa\u00fade e do bem-estar ao longo da vida. Procura criar e validar ferramentas de avalia\u00e7\u00e3o e interven\u00e7\u00e3o aplic\u00e1veis em ambientes cl\u00ednicos, educacionais e organizacionais, com foco espec\u00edfico na investiga\u00e7\u00e3o em sa\u00fade e bem-estar. O grupo AP procura preparar programas de preven\u00e7\u00e3o e interven\u00e7\u00e3o nestes dom\u00ednios e estabelecer diretrizes para pr\u00e1ticas e pol\u00edticas sociais. Empregando uma abordagem de investiga\u00e7\u00e3o-a\u00e7\u00e3o em muitos projetos, o grupo visa conduzir investiga\u00e7\u00f5es que influenciem diretamente o bem-estar dos indiv\u00edduos e institui\u00e7\u00f5es envolvidas.   <\/p>\n<p>Embora exista uma distin\u00e7\u00e3o entre os grupos, o objetivo geral \u00e9 promover a colabora\u00e7\u00e3o e a sinergia entre os investigadores da BP e AP.<\/p>\n<p>A internacionaliza\u00e7\u00e3o \u00e9 o foco principal do CUIP. A UAlg destaca-se entre as universidades portuguesas pelas fortes taxas de internacionaliza\u00e7\u00e3o, exemplificadas pelos esfor\u00e7os na organiza\u00e7\u00e3o de congressos internacionais nos \u00faltimos anos, que t\u00eam facilitado a expans\u00e3o das redes de investiga\u00e7\u00e3o. Pretendemos enfatizar ainda mais esta internacionaliza\u00e7\u00e3o, nas v\u00e1rias universidades que integram o CUIP, incentivando a participa\u00e7\u00e3o em projetos internacionais e alavancando o envolvimento dos membros em sociedades cient\u00edficas internacionais. A perspetiva internacional \u00e9 ainda enfatizada pelos consultores externos do CUIP, de v\u00e1rios pa\u00edses.   <\/p>\n<p>Pretende-se que os investigadores do CUIP se envolvam em projetos dentro das respetivas \u00e1reas de investiga\u00e7\u00e3o, preferencialmente, em colabora\u00e7\u00e3o com parceiros internacionais. Os projetos dever\u00e3o tentar envolver investigadores da AP e da BP, bem como de mais do que uma das universidades que integram o CUIP, sendo fortemente incentivadas candidaturas a concursos de financiamento competitivos. <\/p>\n<p>Os investigadores das quatro universidades beneficiar\u00e3o de condi\u00e7\u00f5es favor\u00e1veis para a realiza\u00e7\u00e3o de investiga\u00e7\u00f5es cient\u00edficas e para o avan\u00e7o das suas trajet\u00f3rias profissionais. Eles combinar\u00e3o recursos interdisciplinares e multidisciplinares para melhorar a abordagem de problemas complexos e novos desafios sociais em Psicologia no \u00e2mbito das preocupa\u00e7\u00f5es modernas. <\/p>\n<p>No \u00e2mbito das pol\u00edticas cient\u00edficas e tecnol\u00f3gicas vigentes, esta Unidade de I&amp;D est\u00e1 estrategicamente posicionada para se alinhar com os princ\u00edpios de fortalecimento, reorganiza\u00e7\u00e3o e melhoria cont\u00ednua das a\u00e7\u00f5es colaborativas, particularmente com entidades p\u00fablicas e privadas. Estas entidades abrangem hospitais, institui\u00e7\u00f5es de ensino, instala\u00e7\u00f5es de sa\u00fade, associa\u00e7\u00f5es, entidades corporativas e centros tecnol\u00f3gicos interessados em promover iniciativas colaborativas de Investiga\u00e7\u00e3o e Desenvolvimento (I&amp;D) em parceria com o CUIP. <\/p>\n\t\t\t\t\t\t\t\t<\/div>\n\t\t\t\t<\/div>\n\t\t\t\t\t<\/div>\n\t\t\t\t<\/div>\n\t\t\t\t<\/div>\n\t\t","protected":false},"excerpt":{"rendered":"<p>Hist\u00f3ria e Miss\u00e3o O Centro Universit\u00e1rio de Investiga\u00e7\u00e3o em Psicologia (CUIP) foi criado em 2001 e come\u00e7ou como Centro de Estudos e Desenvolvimento da Universidade do Algarve (UAlg), com o objetivo de permitir o desenvolvimento de atividades de investiga\u00e7\u00e3o entre docentes e investigadores desta universidade, na \u00e1rea da Psicologia. No entanto, embora colaborassem entre si,<span class=\"post-excerpt-end\">&hellip;<\/span><\/p>\n<p class=\"more-link\"><a href=\"https:\/\/cuip.ualg.pt\/pt-pt\/historia-e-missao\/\" class=\"themebutton\">Read More<\/a><\/p>\n","protected":false},"author":2,"featured_media":0,"parent":0,"menu_order":1,"comment_status":"closed","ping_status":"closed","template":"","meta":{"_themeisle_gutenberg_block_has_review":false,"footnotes":""},"class_list":["post-827","page","type-page","status-publish","hentry"],"_links":{"self":[{"href":"https:\/\/cuip.ualg.pt\/pt-pt\/wp-json\/wp\/v2\/pages\/827","targetHints":{"allow":["GET"]}}],"collection":[{"href":"https:\/\/cuip.ualg.pt\/pt-pt\/wp-json\/wp\/v2\/pages"}],"about":[{"href":"https:\/\/cuip.ualg.pt\/pt-pt\/wp-json\/wp\/v2\/types\/page"}],"author":[{"embeddable":true,"href":"https:\/\/cuip.ualg.pt\/pt-pt\/wp-json\/wp\/v2\/users\/2"}],"replies":[{"embeddable":true,"href":"https:\/\/cuip.ualg.pt\/pt-pt\/wp-json\/wp\/v2\/comments?post=827"}],"version-history":[{"count":6,"href":"https:\/\/cuip.ualg.pt\/pt-pt\/wp-json\/wp\/v2\/pages\/827\/revisions"}],"predecessor-version":[{"id":1350,"href":"https:\/\/cuip.ualg.pt\/pt-pt\/wp-json\/wp\/v2\/pages\/827\/revisions\/1350"}],"wp:attachment":[{"href":"https:\/\/cuip.ualg.pt\/pt-pt\/wp-json\/wp\/v2\/media?parent=827"}],"curies":[{"name":"wp","href":"https:\/\/api.w.org\/{rel}","templated":true}]}}