{"id":833,"date":"2024-03-11T18:34:05","date_gmt":"2024-03-11T18:34:05","guid":{"rendered":"https:\/\/cuip.ualg.pt\/mestrados\/"},"modified":"2025-01-30T11:14:06","modified_gmt":"2025-01-30T11:14:06","slug":"mestrados","status":"publish","type":"page","link":"https:\/\/cuip.ualg.pt\/pt-pt\/mestrados\/","title":{"rendered":"Programas e teses de mestrado"},"content":{"rendered":"\t\t<div data-elementor-type=\"wp-post\" data-elementor-id=\"833\" class=\"elementor elementor-833 elementor-473\" data-elementor-post-type=\"page\">\n\t\t\t\t<div class=\"elementor-element elementor-element-96fd7a1 e-flex e-con-boxed e-con e-parent\" data-id=\"96fd7a1\" data-element_type=\"container\">\n\t\t\t\t\t<div class=\"e-con-inner\">\n\t\t\t\t<div class=\"elementor-element elementor-element-4571e07 elementor-widget elementor-widget-heading\" data-id=\"4571e07\" data-element_type=\"widget\" data-widget_type=\"heading.default\">\n\t\t\t\t<div class=\"elementor-widget-container\">\n\t\t\t\t\t<h2 class=\"elementor-heading-title elementor-size-default\">Programas e teses de mestrado<\/h2>\t\t\t\t<\/div>\n\t\t\t\t<\/div>\n\t\t\t\t\t<\/div>\n\t\t\t\t<\/div>\n\t\t<div class=\"elementor-element elementor-element-d3a3a9e e-flex e-con-boxed e-con e-parent\" data-id=\"d3a3a9e\" data-element_type=\"container\">\n\t\t\t\t\t<div class=\"e-con-inner\">\n\t\t<div class=\"elementor-element elementor-element-9ae6e43 e-con-full e-flex e-con e-child\" data-id=\"9ae6e43\" data-element_type=\"container\">\n\t\t\t\t<\/div>\n\t\t\t\t<div class=\"elementor-element elementor-element-d078543 elementor-widget elementor-widget-text-editor\" data-id=\"d078543\" data-element_type=\"widget\" data-widget_type=\"text-editor.default\">\n\t\t\t\t<div class=\"elementor-widget-container\">\n\t\t\t\t\t\t\t\t\t<p><strong>UAlg<\/strong><\/p>\n<p>Mestrado em Psicologia Cl\u00ednica e da Sa\u00fade<\/p>\n<p>Mestrado em Psicologia da Educa\u00e7\u00e3o<\/p>\n<p>Mestrado em Psicologia Social, do Trabalho e das Organiza\u00e7\u00f5es<\/p>\n<p>Mestrado em Neuroci\u00eancias Cognitivas e Neuropsicologia<\/p>\n<p><strong>UMA<\/strong><\/p>\n<p>Mestrado em Psicologia Cl\u00ednica, da Sa\u00fade e do Bem-Estar<\/p>\n<p>Mestrado em Psicologia da Educa\u00e7\u00e3o<\/p>\n<p><strong>UAc<\/strong><\/p>\n<p>Mestrado em Psicologia Cl\u00ednica e da Sa\u00fade<\/p>\n<p><strong>UAL<\/strong><\/p>\n<p>Mestrado em Psicologia Cl\u00ednica e do Aconselhamento<\/p>\n<p>. <a href=\"https:\/\/cuip.ualg.pt\/wp-content\/uploads\/2024\/06\/Teses-de-mestrado.pdf\" target=\"_blank\" rel=\"noopener\"><span style=\"text-decoration: underline;\">Teses de mestrado conclu\u00eddas entre 2018-23<\/span><\/a><\/p>\n<p>. <a href=\"https:\/\/cuip.ualg.pt\/wp-content\/uploads\/2025\/01\/2.1.-Teses-de-mestrado-2024.pdf\" target=\"_blank\" rel=\"noopener\">Teses de mestrado conclu\u00eddas em 2024<\/a><\/p>\n\t\t\t\t\t\t\t\t<\/div>\n\t\t\t\t<\/div>\n\t\t\t\t\t<\/div>\n\t\t\t\t<\/div>\n\t\t\t\t<\/div>\n\t\t","protected":false},"excerpt":{"rendered":"<p>Programas e teses de mestrado UAlg Mestrado em Psicologia Cl\u00ednica e da Sa\u00fade Mestrado em Psicologia da Educa\u00e7\u00e3o Mestrado em Psicologia Social, do Trabalho e das Organiza\u00e7\u00f5es Mestrado em Neuroci\u00eancias Cognitivas e Neuropsicologia UMA Mestrado em Psicologia Cl\u00ednica, da Sa\u00fade e do Bem-Estar Mestrado em Psicologia da Educa\u00e7\u00e3o UAc Mestrado em Psicologia Cl\u00ednica e da<span class=\"post-excerpt-end\">&hellip;<\/span><\/p>\n<p class=\"more-link\"><a href=\"https:\/\/cuip.ualg.pt\/pt-pt\/mestrados\/\" class=\"themebutton\">Read More<\/a><\/p>\n","protected":false},"author":2,"featured_media":0,"parent":0,"menu_order":1,"comment_status":"closed","ping_status":"closed","template":"","meta":{"_themeisle_gutenberg_block_has_review":false,"footnotes":""},"class_list":["post-833","page","type-page","status-publish","hentry"],"_links":{"self":[{"href":"https:\/\/cuip.ualg.pt\/pt-pt\/wp-json\/wp\/v2\/pages\/833","targetHints":{"allow":["GET"]}}],"collection":[{"href":"https:\/\/cuip.ualg.pt\/pt-pt\/wp-json\/wp\/v2\/pages"}],"about":[{"href":"https:\/\/cuip.ualg.pt\/pt-pt\/wp-json\/wp\/v2\/types\/page"}],"author":[{"embeddable":true,"href":"https:\/\/cuip.ualg.pt\/pt-pt\/wp-json\/wp\/v2\/users\/2"}],"replies":[{"embeddable":true,"href":"https:\/\/cuip.ualg.pt\/pt-pt\/wp-json\/wp\/v2\/comments?post=833"}],"version-history":[{"count":25,"href":"https:\/\/cuip.ualg.pt\/pt-pt\/wp-json\/wp\/v2\/pages\/833\/revisions"}],"predecessor-version":[{"id":3299,"href":"https:\/\/cuip.ualg.pt\/pt-pt\/wp-json\/wp\/v2\/pages\/833\/revisions\/3299"}],"wp:attachment":[{"href":"https:\/\/cuip.ualg.pt\/pt-pt\/wp-json\/wp\/v2\/media?parent=833"}],"curies":[{"name":"wp","href":"https:\/\/api.w.org\/{rel}","templated":true}]}}