{"id":838,"date":"2024-03-10T19:34:38","date_gmt":"2024-03-10T19:34:38","guid":{"rendered":"https:\/\/cuip.ualg.pt\/objectivos\/"},"modified":"2024-06-25T11:31:14","modified_gmt":"2024-06-25T11:31:14","slug":"objectivos","status":"publish","type":"page","link":"https:\/\/cuip.ualg.pt\/pt-pt\/objectivos\/","title":{"rendered":"Objectivos"},"content":{"rendered":"\t\t<div data-elementor-type=\"wp-post\" data-elementor-id=\"838\" class=\"elementor elementor-838 elementor-138\" data-elementor-post-type=\"page\">\n\t\t\t\t<div class=\"elementor-element elementor-element-96fd7a1 e-flex e-con-boxed e-con e-parent\" data-id=\"96fd7a1\" data-element_type=\"container\">\n\t\t\t\t\t<div class=\"e-con-inner\">\n\t\t\t\t<div class=\"elementor-element elementor-element-4571e07 elementor-widget elementor-widget-heading\" data-id=\"4571e07\" data-element_type=\"widget\" data-widget_type=\"heading.default\">\n\t\t\t\t<div class=\"elementor-widget-container\">\n\t\t\t\t\t<h2 class=\"elementor-heading-title elementor-size-default\">Objectivos<\/h2>\t\t\t\t<\/div>\n\t\t\t\t<\/div>\n\t\t\t\t\t<\/div>\n\t\t\t\t<\/div>\n\t\t<div class=\"elementor-element elementor-element-d3a3a9e e-flex e-con-boxed e-con e-parent\" data-id=\"d3a3a9e\" data-element_type=\"container\">\n\t\t\t\t\t<div class=\"e-con-inner\">\n\t\t<div class=\"elementor-element elementor-element-9ae6e43 e-con-full e-flex e-con e-child\" data-id=\"9ae6e43\" data-element_type=\"container\">\n\t\t\t\t<\/div>\n\t\t\t\t<div class=\"elementor-element elementor-element-d078543 elementor-widget elementor-widget-text-editor\" data-id=\"d078543\" data-element_type=\"widget\" data-widget_type=\"text-editor.default\">\n\t\t\t\t<div class=\"elementor-widget-container\">\n\t\t\t\t\t\t\t\t\t<p>Os objetivos do CUIP organizam-se em torno de quatro pilares interligados:<\/p><p>1) Consolidar a excel\u00eancia cient\u00edfica:<br \/>Desde logo, procuramos ter crit\u00e9rios rigorosos e exigentes para ser membro integrado, bem como crit\u00e9rios de incentivo \u00e0 produtividade cient\u00edfica por parte dos membros do CUIP. Procuraremos aproveitar a experi\u00eancia e as boas pr\u00e1ticas existentes nos centros de investiga\u00e7\u00e3o aos quais os membros do CUIP pertenciam, bem como incentivar uma maior colabora\u00e7\u00e3o entre os membros do CUIP, tanto no \u00e2mbito dos dois grupos de investiga\u00e7\u00e3o existentes, Psicologia B\u00e1sica e Psicologia Aplicada, como entre as quatro universidades representadas no CUIP, procurando o desenvolvimento de investiga\u00e7\u00f5es em conjunto.<\/p><p>2) Estabelecer uma rede internacional de colabora\u00e7\u00f5es:<br \/>A internacionaliza\u00e7\u00e3o \u00e9 um dos principais objetivos do CUIP, aproveitando a organiza\u00e7\u00e3o de congressos e a participa\u00e7\u00e3o em projetos de investiga\u00e7\u00e3o internacionais bem como a integra\u00e7\u00e3o dos membros do CUIP em redes e sociedades internacionais.<br \/>A perspetiva internacional da investiga\u00e7\u00e3o realizada no \u00e2mbito do CUIP \u00e9 tamb\u00e9m expressa pelos seus consultores externos de v\u00e1rios pa\u00edses.<\/p><p>3) Oferecer forma\u00e7\u00e3o avan\u00e7ada de qualidade:<br \/>O CUIP pretende estar alinhado com as propostas de forma\u00e7\u00e3o existentes nas quatro universidades parceiras, promovendo uma rela\u00e7\u00e3o estreita entre a investiga\u00e7\u00e3o e o ensino, bem como oferecer forma\u00e7\u00e3o avan\u00e7ada de elevada qualidade para atrair os melhores alunos e proporcionar um ambiente de aprendizagem estimulante.<br \/>Para al\u00e9m dos programas de mestrado e doutoramento j\u00e1 existentes em cada universidade, procurar\u00e1 aproveitar a especialidade das \u00e1reas de investiga\u00e7\u00e3o dos seus membros para o desenvolvimento de propostas conjuntas de forma\u00e7\u00e3o p\u00f3s-graduada que envolvam as quatro universidades, nomeadamente em l\u00edngua inglesa, na perspetiva de incremento da internacionaliza\u00e7\u00e3o.<br \/>Tamb\u00e9m procurar\u00e1 criar incentivos para atrair os melhores alunos, promover a sua integra\u00e7\u00e3o e permitir melhores condi\u00e7\u00f5es para a realiza\u00e7\u00e3o das investiga\u00e7\u00f5es de doutoramento.<\/p><p>4) Expandir a divulga\u00e7\u00e3o cient\u00edfica para p\u00fablicos especialistas e n\u00e3o especialistas:<br \/>O CUIP pretende contribuir para o aumento do n\u00famero e da qualidade das publica\u00e7\u00f5es e comunica\u00e7\u00f5es cient\u00edficas dos seus membros e seguir pol\u00edticas de acesso aberto. Para o p\u00fablico em geral, o CUIP pretende organizar semin\u00e1rios destinados a transferir conhecimento para profissionais e entidades regionais. Al\u00e9m disso, procurar\u00e1 utilizar as redes sociais e os media no processo de comunicar os resultados obtidos nas investiga\u00e7\u00f5es realizadas. As quest\u00f5es \u00e9ticas e deontol\u00f3gicas, o enquadramento nos desafios societais e a concretiza\u00e7\u00e3o dos ODS procurar\u00e3o estar sempre presentes nas investiga\u00e7\u00f5es a desenvolver no \u00e2mbito do CUIP.<\/p><p>As considera\u00e7\u00f5es \u00e9ticas, a abordagem dos desafios societais e a contribui\u00e7\u00e3o para a realiza\u00e7\u00e3o dos Objectivos de Desenvolvimento Sustent\u00e1vel (ODS) continuar\u00e3o a ser aspectos integrantes dos esfor\u00e7os de investiga\u00e7\u00e3o empreendidos no \u00e2mbito da CUIP.<\/p>\t\t\t\t\t\t\t\t<\/div>\n\t\t\t\t<\/div>\n\t\t\t\t\t<\/div>\n\t\t\t\t<\/div>\n\t\t\t\t<\/div>\n\t\t","protected":false},"excerpt":{"rendered":"<p>Objectivos Os objetivos do CUIP organizam-se em torno de quatro pilares interligados: 1) Consolidar a excel\u00eancia cient\u00edfica:Desde logo, procuramos ter crit\u00e9rios rigorosos e exigentes para ser membro integrado, bem como crit\u00e9rios de incentivo \u00e0 produtividade cient\u00edfica por parte dos membros do CUIP. Procuraremos aproveitar a experi\u00eancia e as boas pr\u00e1ticas existentes nos centros de investiga\u00e7\u00e3o<span class=\"post-excerpt-end\">&hellip;<\/span><\/p>\n<p class=\"more-link\"><a href=\"https:\/\/cuip.ualg.pt\/pt-pt\/objectivos\/\" class=\"themebutton\">Read More<\/a><\/p>\n","protected":false},"author":2,"featured_media":0,"parent":0,"menu_order":1,"comment_status":"closed","ping_status":"closed","template":"","meta":{"_themeisle_gutenberg_block_has_review":false,"footnotes":""},"class_list":["post-838","page","type-page","status-publish","hentry"],"_links":{"self":[{"href":"https:\/\/cuip.ualg.pt\/pt-pt\/wp-json\/wp\/v2\/pages\/838","targetHints":{"allow":["GET"]}}],"collection":[{"href":"https:\/\/cuip.ualg.pt\/pt-pt\/wp-json\/wp\/v2\/pages"}],"about":[{"href":"https:\/\/cuip.ualg.pt\/pt-pt\/wp-json\/wp\/v2\/types\/page"}],"author":[{"embeddable":true,"href":"https:\/\/cuip.ualg.pt\/pt-pt\/wp-json\/wp\/v2\/users\/2"}],"replies":[{"embeddable":true,"href":"https:\/\/cuip.ualg.pt\/pt-pt\/wp-json\/wp\/v2\/comments?post=838"}],"version-history":[{"count":20,"href":"https:\/\/cuip.ualg.pt\/pt-pt\/wp-json\/wp\/v2\/pages\/838\/revisions"}],"predecessor-version":[{"id":1372,"href":"https:\/\/cuip.ualg.pt\/pt-pt\/wp-json\/wp\/v2\/pages\/838\/revisions\/1372"}],"wp:attachment":[{"href":"https:\/\/cuip.ualg.pt\/pt-pt\/wp-json\/wp\/v2\/media?parent=838"}],"curies":[{"name":"wp","href":"https:\/\/api.w.org\/{rel}","templated":true}]}}