{"id":841,"date":"2024-03-10T19:38:18","date_gmt":"2024-03-10T19:38:18","guid":{"rendered":"https:\/\/cuip.ualg.pt\/estrutura-organizativa\/"},"modified":"2024-07-15T19:09:11","modified_gmt":"2024-07-15T19:09:11","slug":"estrutura-organizativa","status":"publish","type":"page","link":"https:\/\/cuip.ualg.pt\/pt-pt\/estrutura-organizativa\/","title":{"rendered":"Estrutura organizativa"},"content":{"rendered":"\t\t<div data-elementor-type=\"wp-post\" data-elementor-id=\"841\" class=\"elementor elementor-841 elementor-144\" data-elementor-post-type=\"page\">\n\t\t\t\t<div class=\"elementor-element elementor-element-96fd7a1 e-flex e-con-boxed e-con e-parent\" data-id=\"96fd7a1\" data-element_type=\"container\">\n\t\t\t\t\t<div class=\"e-con-inner\">\n\t\t\t\t<div class=\"elementor-element elementor-element-4571e07 elementor-widget elementor-widget-heading\" data-id=\"4571e07\" data-element_type=\"widget\" data-widget_type=\"heading.default\">\n\t\t\t\t<div class=\"elementor-widget-container\">\n\t\t\t\t\t<h2 class=\"elementor-heading-title elementor-size-default\">Estrutura organizativa<\/h2>\t\t\t\t<\/div>\n\t\t\t\t<\/div>\n\t\t\t\t\t<\/div>\n\t\t\t\t<\/div>\n\t\t<div class=\"elementor-element elementor-element-d3a3a9e e-flex e-con-boxed e-con e-parent\" data-id=\"d3a3a9e\" data-element_type=\"container\">\n\t\t\t\t\t<div class=\"e-con-inner\">\n\t\t<div class=\"elementor-element elementor-element-9ae6e43 e-con-full e-flex e-con e-child\" data-id=\"9ae6e43\" data-element_type=\"container\">\n\t\t\t\t<\/div>\n\t\t\t\t<div class=\"elementor-element elementor-element-d078543 elementor-widget elementor-widget-text-editor\" data-id=\"d078543\" data-element_type=\"widget\" data-widget_type=\"text-editor.default\">\n\t\t\t\t<div class=\"elementor-widget-container\">\n\t\t\t\t\t\t\t\t\t<p>A organiza\u00e7\u00e3o do CUIP est\u00e1 descrita no \u201cRegulamento Geral do CUIP\u201d, ratificado pelo Conselho Cient\u00edfico do CUIP em 2023. Os principais aspetos da organiza\u00e7\u00e3o do CUIP detalhados neste Regulamento incluem:<\/p><p>&#8211; O objetivo principal do CUIP \u00e9 avan\u00e7ar e realizar investiga\u00e7\u00e3o em Psicologia B\u00e1sica e Aplicada, visando gerar e divulgar conhecimento cient\u00edfico com relev\u00e2ncia educacional e social, apoiando ao mesmo tempo os processos de tomada de decis\u00e3o nestes dom\u00ednios.<\/p><p>&#8211; Os objetivos fundamentais do CUIP incluem a produ\u00e7\u00e3o de conhecimentos cient\u00edficos em Psicologia, a promo\u00e7\u00e3o da inova\u00e7\u00e3o e colabora\u00e7\u00e3o atrav\u00e9s da investiga\u00e7\u00e3o e interven\u00e7\u00e3o, gerar uma cultura de investiga\u00e7\u00e3o cient\u00edfica entre seus membros e a constru\u00e7\u00e3o de parcerias com organiza\u00e7\u00f5es da sociedade civil e outras entidades.<\/p><p>&#8211; As categorias de membros do CUIP consistem em investigadores doutorados integrados, investigadores doutorados colaboradores, investigadores doutorandos e bolseiros de investiga\u00e7\u00e3o.<\/p><p>&#8211; Para ser admitido como membro integrado do CUIP, o candidato dever\u00e1 cumprir os crit\u00e9rios m\u00ednimos de produtividade estabelecidos pela Comiss\u00e3o Cient\u00edfica.<\/p><p>&#8211; Os membros do CUIP t\u00eam o privil\u00e9gio de participar em atividades organizadas ou apoiadas pela Unidade de I&amp;D e de utilizar os seus recursos.<\/p><p>&#8211; Os membros integrados dever\u00e3o realizar a avalia\u00e7\u00e3o anual de produtividade, at\u00e9 janeiro de cada ano.<\/p><p>&#8211; Os membros n\u00e3o doutorados transitam para o estatuto de membro colaborador ap\u00f3s a conclus\u00e3o do doutoramento, podendo optar pela ades\u00e3o como membros integrados se cumprirem os crit\u00e9rios exigidos.<\/p><p>&#8211; A Comiss\u00e3o Cient\u00edfica do CUIP \u00e9 composta por todos os investigadores doutorados integrados.<\/p><p>&#8211; O Conselho Consultivo do CUIP \u00e9 composto por um m\u00e1ximo de dez membros externos.<\/p><p>&#8211; O Coordenador do CUIP \u00e9 eleito pelos membros da Comiss\u00e3o Cient\u00edfica para um mandato de tr\u00eas anos, com possibilidade de uma renova\u00e7\u00e3o.<\/p><p>&#8211; O Coordenador do CUIP preside tanto \u00e0 Comiss\u00e3o Coordenadora como \u00e0 Comiss\u00e3o Cient\u00edfica do Centro.<\/p><p>&#8211; A Comiss\u00e3o Coordenadora do CUIP \u00e9 composta pelo Coordenador do CUIP e pelos Coordenadores dos grupos de investiga\u00e7\u00e3o.<\/p><p>&#8211; Caso estejam instaladas Unidades de Gest\u00e3o do CUIP noutras Institui\u00e7\u00f5es de Ensino Superior, cada unidade dever\u00e1 nomear um dos seus membros para integrar a Comiss\u00e3o Coordenadora, selecionado pelos membros da respetiva institui\u00e7\u00e3o.<\/p>\t\t\t\t\t\t\t\t<\/div>\n\t\t\t\t<\/div>\n\t\t\t\t\t<\/div>\n\t\t\t\t<\/div>\n\t\t\t\t<\/div>\n\t\t","protected":false},"excerpt":{"rendered":"<p>Estrutura organizativa A organiza\u00e7\u00e3o do CUIP est\u00e1 descrita no \u201cRegulamento Geral do CUIP\u201d, ratificado pelo Conselho Cient\u00edfico do CUIP em 2023. Os principais aspetos da organiza\u00e7\u00e3o do CUIP detalhados neste Regulamento incluem: &#8211; O objetivo principal do CUIP \u00e9 avan\u00e7ar e realizar investiga\u00e7\u00e3o em Psicologia B\u00e1sica e Aplicada, visando gerar e divulgar conhecimento cient\u00edfico com<span class=\"post-excerpt-end\">&hellip;<\/span><\/p>\n<p class=\"more-link\"><a href=\"https:\/\/cuip.ualg.pt\/pt-pt\/estrutura-organizativa\/\" class=\"themebutton\">Read More<\/a><\/p>\n","protected":false},"author":2,"featured_media":0,"parent":0,"menu_order":1,"comment_status":"closed","ping_status":"closed","template":"","meta":{"_themeisle_gutenberg_block_has_review":false,"footnotes":""},"class_list":["post-841","page","type-page","status-publish","hentry"],"_links":{"self":[{"href":"https:\/\/cuip.ualg.pt\/pt-pt\/wp-json\/wp\/v2\/pages\/841","targetHints":{"allow":["GET"]}}],"collection":[{"href":"https:\/\/cuip.ualg.pt\/pt-pt\/wp-json\/wp\/v2\/pages"}],"about":[{"href":"https:\/\/cuip.ualg.pt\/pt-pt\/wp-json\/wp\/v2\/types\/page"}],"author":[{"embeddable":true,"href":"https:\/\/cuip.ualg.pt\/pt-pt\/wp-json\/wp\/v2\/users\/2"}],"replies":[{"embeddable":true,"href":"https:\/\/cuip.ualg.pt\/pt-pt\/wp-json\/wp\/v2\/comments?post=841"}],"version-history":[{"count":14,"href":"https:\/\/cuip.ualg.pt\/pt-pt\/wp-json\/wp\/v2\/pages\/841\/revisions"}],"predecessor-version":[{"id":2248,"href":"https:\/\/cuip.ualg.pt\/pt-pt\/wp-json\/wp\/v2\/pages\/841\/revisions\/2248"}],"wp:attachment":[{"href":"https:\/\/cuip.ualg.pt\/pt-pt\/wp-json\/wp\/v2\/media?parent=841"}],"curies":[{"name":"wp","href":"https:\/\/api.w.org\/{rel}","templated":true}]}}