{"id":861,"date":"2024-03-10T19:39:18","date_gmt":"2024-03-10T19:39:18","guid":{"rendered":"https:\/\/cuip.ualg.pt\/regulamentos\/"},"modified":"2024-06-25T12:22:55","modified_gmt":"2024-06-25T12:22:55","slug":"regulamentos","status":"publish","type":"page","link":"https:\/\/cuip.ualg.pt\/pt-pt\/regulamentos\/","title":{"rendered":"Regulamentos"},"content":{"rendered":"\t\t<div data-elementor-type=\"wp-post\" data-elementor-id=\"861\" class=\"elementor elementor-861 elementor-150\" data-elementor-post-type=\"page\">\n\t\t\t\t<div class=\"elementor-element elementor-element-96fd7a1 e-flex e-con-boxed e-con e-parent\" data-id=\"96fd7a1\" data-element_type=\"container\">\n\t\t\t\t\t<div class=\"e-con-inner\">\n\t\t\t\t<div class=\"elementor-element elementor-element-4571e07 elementor-widget elementor-widget-heading\" data-id=\"4571e07\" data-element_type=\"widget\" data-widget_type=\"heading.default\">\n\t\t\t\t<div class=\"elementor-widget-container\">\n\t\t\t\t\t<h2 class=\"elementor-heading-title elementor-size-default\">Regulamentos<\/h2>\t\t\t\t<\/div>\n\t\t\t\t<\/div>\n\t\t\t\t\t<\/div>\n\t\t\t\t<\/div>\n\t\t<div class=\"elementor-element elementor-element-d3a3a9e e-flex e-con-boxed e-con e-parent\" data-id=\"d3a3a9e\" data-element_type=\"container\">\n\t\t\t\t\t<div class=\"e-con-inner\">\n\t\t<div class=\"elementor-element elementor-element-9ae6e43 e-con-full e-flex e-con e-child\" data-id=\"9ae6e43\" data-element_type=\"container\">\n\t\t\t\t<\/div>\n\t\t\t\t<div class=\"elementor-element elementor-element-d078543 elementor-widget elementor-widget-text-editor\" data-id=\"d078543\" data-element_type=\"widget\" data-widget_type=\"text-editor.default\">\n\t\t\t\t<div class=\"elementor-widget-container\">\n\t\t\t\t\t\t\t\t\t<p>Para al\u00e9m do \u201cRegulamento Geral do CUIP\u201d, v\u00e1rios outros documentos espec\u00edficos regem o funcionamento desta Unidade de I&amp;D.<\/p><p>Estes incluem a \u201cDeclara\u00e7\u00e3o de \u00c9tica\u201d, o \u201cRegulamento da Rede de Doutorandos CUIP\u201d e a Tabela de Produtividade e Financiamento dos Investigadores CUIP (Tabela Anual de Produtividade &#8211; APT).<\/p><p>Pretendemos estabelecer crit\u00e9rios rigorosos para a integra\u00e7\u00e3o dos membros, enfatizando a produtividade cient\u00edfica avaliada atrav\u00e9s da APT.<\/p><p>\u00c9 dada prioridade a crit\u00e9rios como publica\u00e7\u00f5es em revistas Scopus Q1 ou Q2, atua\u00e7\u00e3o como Investigadores Principais (PIs) em projetos competitivos nacionais e internacionais financiados e supervis\u00e3o de teses de doutoramento conclu\u00eddas com sucesso.<\/p><p>O apoio financeiro aos membros \u00e9 alocado com base nas pontua\u00e7\u00f5es do APT.<\/p><p>. <a href=\"https:\/\/cuip.ualg.pt\/wp-content\/uploads\/2024\/06\/Regulamento-CUIP-2023-aprovado-Reitor.pdf\" target=\"_blank\" rel=\"noopener\">Regulamento Geral do CUIP<\/a><\/p><p>. <a href=\"https:\/\/cuip.ualg.pt\/wp-content\/uploads\/2024\/06\/Declarac\u0327a\u0303o-E\u0301tica-CUIP.pdf\" target=\"_blank\" rel=\"noopener\">Declara\u00e7\u00e3o de \u00c9tica<\/a><\/p><p>. <a href=\"https:\/\/cuip.ualg.pt\/wp-content\/uploads\/2024\/06\/RedeDoutorandosCUIP_Regulamento.pdf\" target=\"_blank\" rel=\"noopener\">Regulamento da Rede de Estudantes de Doutoramento CUIP<\/a><\/p><p>. <a href=\"https:\/\/cuip.ualg.pt\/wp-content\/uploads\/2024\/06\/Tabela-Produtividade-CUIP.pdf\" target=\"_blank\" rel=\"noopener\">Tabela de Produtividade e Financiamento dos Investigadores do CUIP (Tabela Anual de Produtividade &#8211; APT)<\/a><\/p>\t\t\t\t\t\t\t\t<\/div>\n\t\t\t\t<\/div>\n\t\t\t\t\t<\/div>\n\t\t\t\t<\/div>\n\t\t\t\t<\/div>\n\t\t","protected":false},"excerpt":{"rendered":"<p>Regulamentos Para al\u00e9m do \u201cRegulamento Geral do CUIP\u201d, v\u00e1rios outros documentos espec\u00edficos regem o funcionamento desta Unidade de I&amp;D. Estes incluem a \u201cDeclara\u00e7\u00e3o de \u00c9tica\u201d, o \u201cRegulamento da Rede de Doutorandos CUIP\u201d e a Tabela de Produtividade e Financiamento dos Investigadores CUIP (Tabela Anual de Produtividade &#8211; APT). Pretendemos estabelecer crit\u00e9rios rigorosos para a integra\u00e7\u00e3o<span class=\"post-excerpt-end\">&hellip;<\/span><\/p>\n<p class=\"more-link\"><a href=\"https:\/\/cuip.ualg.pt\/pt-pt\/regulamentos\/\" class=\"themebutton\">Read More<\/a><\/p>\n","protected":false},"author":2,"featured_media":0,"parent":0,"menu_order":1,"comment_status":"closed","ping_status":"closed","template":"","meta":{"_themeisle_gutenberg_block_has_review":false,"footnotes":""},"class_list":["post-861","page","type-page","status-publish","hentry"],"_links":{"self":[{"href":"https:\/\/cuip.ualg.pt\/pt-pt\/wp-json\/wp\/v2\/pages\/861","targetHints":{"allow":["GET"]}}],"collection":[{"href":"https:\/\/cuip.ualg.pt\/pt-pt\/wp-json\/wp\/v2\/pages"}],"about":[{"href":"https:\/\/cuip.ualg.pt\/pt-pt\/wp-json\/wp\/v2\/types\/page"}],"author":[{"embeddable":true,"href":"https:\/\/cuip.ualg.pt\/pt-pt\/wp-json\/wp\/v2\/users\/2"}],"replies":[{"embeddable":true,"href":"https:\/\/cuip.ualg.pt\/pt-pt\/wp-json\/wp\/v2\/comments?post=861"}],"version-history":[{"count":13,"href":"https:\/\/cuip.ualg.pt\/pt-pt\/wp-json\/wp\/v2\/pages\/861\/revisions"}],"predecessor-version":[{"id":1411,"href":"https:\/\/cuip.ualg.pt\/pt-pt\/wp-json\/wp\/v2\/pages\/861\/revisions\/1411"}],"wp:attachment":[{"href":"https:\/\/cuip.ualg.pt\/pt-pt\/wp-json\/wp\/v2\/media?parent=861"}],"curies":[{"name":"wp","href":"https:\/\/api.w.org\/{rel}","templated":true}]}}