{"id":877,"date":"2024-03-10T19:55:18","date_gmt":"2024-03-10T19:55:18","guid":{"rendered":"https:\/\/cuip.ualg.pt\/investigadores\/investigadores-colaboradores\/"},"modified":"2024-07-11T11:47:52","modified_gmt":"2024-07-11T11:47:52","slug":"investigadores-colaboradores","status":"publish","type":"page","link":"https:\/\/cuip.ualg.pt\/pt-pt\/investigadores\/investigadores-colaboradores\/","title":{"rendered":"Investigadores colaboradores"},"content":{"rendered":"\t\t<div data-elementor-type=\"wp-post\" data-elementor-id=\"877\" class=\"elementor elementor-877 elementor-223\" data-elementor-post-type=\"page\">\n\t\t\t\t<div class=\"elementor-element elementor-element-96fd7a1 e-flex e-con-boxed e-con e-parent\" data-id=\"96fd7a1\" data-element_type=\"container\">\n\t\t\t\t\t<div class=\"e-con-inner\">\n\t\t\t\t<div class=\"elementor-element elementor-element-4571e07 elementor-widget elementor-widget-heading\" data-id=\"4571e07\" data-element_type=\"widget\" data-widget_type=\"heading.default\">\n\t\t\t\t<div class=\"elementor-widget-container\">\n\t\t\t\t\t<h2 class=\"elementor-heading-title elementor-size-default\">Investigadores colaboradores<\/h2>\t\t\t\t<\/div>\n\t\t\t\t<\/div>\n\t\t\t\t\t<\/div>\n\t\t\t\t<\/div>\n\t\t<div class=\"elementor-element elementor-element-d3a3a9e e-flex e-con-boxed e-con e-parent\" data-id=\"d3a3a9e\" data-element_type=\"container\">\n\t\t\t\t\t<div class=\"e-con-inner\">\n\t\t<div class=\"elementor-element elementor-element-9ae6e43 e-con-full e-flex e-con e-child\" data-id=\"9ae6e43\" data-element_type=\"container\">\n\t\t\t\t<\/div>\n\t\t\t\t<div class=\"elementor-element elementor-element-d078543 elementor-widget elementor-widget-text-editor\" data-id=\"d078543\" data-element_type=\"widget\" data-widget_type=\"text-editor.default\">\n\t\t\t\t<div class=\"elementor-widget-container\">\n\t\t\t\t\t\t\t\t\t<p><strong>Crit\u00e9rios para ser membro colaborador do CUIP<\/strong><\/p><p><br \/>Em reuni\u00e3o da Comiss\u00e3o Cient\u00edfica do CUIP, realizada em 28-05-2024, foi decidido que os membros colaboradores do CUIP podem ser doutorandos do CUIP que conclu\u00edram com sucesso a sua tese, docentes \/ investigadores das universidades que integram o CUIP ou docentes \/ investigadores que colaboram com membros integrados do CUIP.<\/p><p>No caso destes \u00faltimos, devem preencher um dos seguintes crit\u00e9rios:<\/p><ul><li>h na Scopus igual ou superior a 3;<\/li><li>Publica\u00e7\u00e3o de 3, ou mais, artigos em revistas indexadas na Scopus, nos \u00faltimos 4 anos;<\/li><li>Supervis\u00e3o de 3, ou mais, teses de doutoramento, nos \u00faltimos 4 anos;<\/li><li>Coordena\u00e7\u00e3o de, pelo menos, um projeto com financiamento nacional ou internacional, nos \u00faltimos 4 anos.<\/li><\/ul><p>O pedido para ser membro colaborador do CUIP deve ser feito pelo interessado e validado por pelo menos um membro integrado do CUIP.<\/p><p>Os membros colaboradores que pretendam financiamento para alguma atividade de<br \/>investiga\u00e7\u00e3o, devem preencher a tabela de produtividade do CUIP, relativamente ao ano<br \/>anterior, e obter mais de 40 pontos.<br \/>Este financiamento estar\u00e1 sujeito \u00e0 disponibilidade de recursos financeiros do Centro.<\/p><p><br \/><a href=\"https:\/\/cuip.ualg.pt\/wp-content\/uploads\/2024\/07\/Crite\u0301rios-para-ser-membro-colaborador-do-CUIP.pdf\" target=\"_blank\" rel=\"noopener\">Documento aprovado na reuni\u00e3o da Comiss\u00e3o Cient\u00edfica do CUIP<\/a><\/p>\t\t\t\t\t\t\t\t<\/div>\n\t\t\t\t<\/div>\n\t\t\t\t\t<\/div>\n\t\t\t\t<\/div>\n\t\t\t\t<\/div>\n\t\t","protected":false},"excerpt":{"rendered":"<p>Investigadores colaboradores Crit\u00e9rios para ser membro colaborador do CUIP Em reuni\u00e3o da Comiss\u00e3o Cient\u00edfica do CUIP, realizada em 28-05-2024, foi decidido que os membros colaboradores do CUIP podem ser doutorandos do CUIP que conclu\u00edram com sucesso a sua tese, docentes \/ investigadores das universidades que integram o CUIP ou docentes \/ investigadores que colaboram com<span class=\"post-excerpt-end\">&hellip;<\/span><\/p>\n<p class=\"more-link\"><a href=\"https:\/\/cuip.ualg.pt\/pt-pt\/investigadores\/investigadores-colaboradores\/\" class=\"themebutton\">Read More<\/a><\/p>\n","protected":false},"author":2,"featured_media":0,"parent":874,"menu_order":1,"comment_status":"closed","ping_status":"closed","template":"","meta":{"_themeisle_gutenberg_block_has_review":false,"footnotes":""},"class_list":["post-877","page","type-page","status-publish","hentry"],"_links":{"self":[{"href":"https:\/\/cuip.ualg.pt\/pt-pt\/wp-json\/wp\/v2\/pages\/877","targetHints":{"allow":["GET"]}}],"collection":[{"href":"https:\/\/cuip.ualg.pt\/pt-pt\/wp-json\/wp\/v2\/pages"}],"about":[{"href":"https:\/\/cuip.ualg.pt\/pt-pt\/wp-json\/wp\/v2\/types\/page"}],"author":[{"embeddable":true,"href":"https:\/\/cuip.ualg.pt\/pt-pt\/wp-json\/wp\/v2\/users\/2"}],"replies":[{"embeddable":true,"href":"https:\/\/cuip.ualg.pt\/pt-pt\/wp-json\/wp\/v2\/comments?post=877"}],"version-history":[{"count":4,"href":"https:\/\/cuip.ualg.pt\/pt-pt\/wp-json\/wp\/v2\/pages\/877\/revisions"}],"predecessor-version":[{"id":2013,"href":"https:\/\/cuip.ualg.pt\/pt-pt\/wp-json\/wp\/v2\/pages\/877\/revisions\/2013"}],"up":[{"embeddable":true,"href":"https:\/\/cuip.ualg.pt\/pt-pt\/wp-json\/wp\/v2\/pages\/874"}],"wp:attachment":[{"href":"https:\/\/cuip.ualg.pt\/pt-pt\/wp-json\/wp\/v2\/media?parent=877"}],"curies":[{"name":"wp","href":"https:\/\/api.w.org\/{rel}","templated":true}]}}